{"id":13943,"date":"2022-05-12T11:39:27","date_gmt":"2022-05-12T08:39:27","guid":{"rendered":"https:\/\/biouslabs.com\/bious-akademie\/"},"modified":"2022-09-14T09:31:08","modified_gmt":"2022-09-14T06:31:08","slug":"bious-akademie","status":"publish","type":"page","link":"https:\/\/biouslabs.com\/de\/bious-akademie\/","title":{"rendered":"Bious Akademie"},"content":{"rendered":"\t\t<div data-elementor-type=\"wp-page\" data-elementor-id=\"13943\" class=\"elementor elementor-13943 elementor-13305\">\n\t\t\t\t\t\t<section class=\"elementor-section elementor-top-section elementor-element elementor-element-99e0509 elementor-section-content-middle elementor-section-boxed elementor-section-height-default elementor-section-height-default\" data-id=\"99e0509\" data-element_type=\"section\" data-e-type=\"section\">\n\t\t\t\t\t\t<div class=\"elementor-container elementor-column-gap-extended\">\n\t\t\t\t\t<div class=\"elementor-column elementor-col-50 elementor-top-column elementor-element elementor-element-8e08f37\" data-id=\"8e08f37\" data-element_type=\"column\" data-e-type=\"column\">\n\t\t\t<div class=\"elementor-widget-wrap elementor-element-populated\">\n\t\t\t\t\t\t<div class=\"elementor-element elementor-element-4b5dc9b elementor-widget elementor-widget-heading\" data-id=\"4b5dc9b\" data-element_type=\"widget\" data-e-type=\"widget\" data-widget_type=\"heading.default\">\n\t\t\t\t<div class=\"elementor-widget-container\">\n\t\t\t\t\t<h3 class=\"elementor-heading-title elementor-size-default\">Unsere Aufgabe<\/h3>\t\t\t\t<\/div>\n\t\t\t\t<\/div>\n\t\t\t\t\t<\/div>\n\t\t<\/div>\n\t\t\t\t<div class=\"elementor-column elementor-col-50 elementor-top-column elementor-element elementor-element-bc64343\" data-id=\"bc64343\" data-element_type=\"column\" data-e-type=\"column\">\n\t\t\t<div class=\"elementor-widget-wrap elementor-element-populated\">\n\t\t\t\t\t\t<div class=\"elementor-element elementor-element-12311dc elementor-widget elementor-widget-text-editor\" data-id=\"12311dc\" data-element_type=\"widget\" data-e-type=\"widget\" data-widget_type=\"text-editor.default\">\n\t\t\t\t<div class=\"elementor-widget-container\">\n\t\t\t\t\t\t\t\t\t<p><strong>Bious Labs tr\u00e4gt\u00a0<\/strong>zur Verbreitung der neuesten, wissenschaftlich fundierten Informationen \u00fcber innovative Kosmetikprodukte und Medizinprodukte, Biomaterialien, ihre positiven oder negativen Auswirkungen auf Gesundheit und Umwelt bei.<br \/>Bious Labs organisiert Schulungen und Seminare im Bereich Kosmetik und Biomedizin.<br \/>Seminarthemen und Pr\u00e4sentationen sind auf unserem Facebook (Bious Labs) verf\u00fcgbar.<\/p><p>Kontaktieren Sie uns auf Facebook oder info@biouslabs.com f\u00fcr weitere Informationen.<\/p>\t\t\t\t\t\t\t\t<\/div>\n\t\t\t\t<\/div>\n\t\t\t\t\t<\/div>\n\t\t<\/div>\n\t\t\t\t\t<\/div>\n\t\t<\/section>\n\t\t\t\t<section class=\"elementor-section elementor-top-section elementor-element elementor-element-8cd4483 elementor-section-boxed elementor-section-height-default elementor-section-height-default\" data-id=\"8cd4483\" data-element_type=\"section\" data-e-type=\"section\">\n\t\t\t\t\t\t<div class=\"elementor-container elementor-column-gap-default\">\n\t\t\t\t\t<div class=\"elementor-column elementor-col-100 elementor-top-column elementor-element elementor-element-7589c0a\" data-id=\"7589c0a\" data-element_type=\"column\" data-e-type=\"column\">\n\t\t\t<div class=\"elementor-widget-wrap elementor-element-populated\">\n\t\t\t\t\t\t<div class=\"elementor-element elementor-element-0d0de3e elementor-widget-divider--view-line elementor-widget elementor-widget-divider\" data-id=\"0d0de3e\" data-element_type=\"widget\" data-e-type=\"widget\" data-widget_type=\"divider.default\">\n\t\t\t\t<div class=\"elementor-widget-container\">\n\t\t\t\t\t\t\t<div class=\"elementor-divider\">\n\t\t\t<span class=\"elementor-divider-separator\">\n\t\t\t\t\t\t<\/span>\n\t\t<\/div>\n\t\t\t\t\t\t<\/div>\n\t\t\t\t<\/div>\n\t\t\t\t\t<\/div>\n\t\t<\/div>\n\t\t\t\t\t<\/div>\n\t\t<\/section>\n\t\t\t\t<section class=\"elementor-section elementor-top-section elementor-element elementor-element-48a6c40 elementor-section-content-middle elementor-section-boxed elementor-section-height-default elementor-section-height-default\" data-id=\"48a6c40\" data-element_type=\"section\" data-e-type=\"section\">\n\t\t\t\t\t\t<div class=\"elementor-container elementor-column-gap-extended\">\n\t\t\t\t\t<div class=\"elementor-column elementor-col-50 elementor-top-column elementor-element elementor-element-55c58e1\" data-id=\"55c58e1\" data-element_type=\"column\" data-e-type=\"column\">\n\t\t\t<div class=\"elementor-widget-wrap elementor-element-populated\">\n\t\t\t\t\t\t<div class=\"elementor-element elementor-element-97f96d1 elementor-widget elementor-widget-heading\" data-id=\"97f96d1\" data-element_type=\"widget\" data-e-type=\"widget\" data-widget_type=\"heading.default\">\n\t\t\t\t<div class=\"elementor-widget-container\">\n\t\t\t\t\t<h3 class=\"elementor-heading-title elementor-size-default\">Unsere Leistungen<\/h3>\t\t\t\t<\/div>\n\t\t\t\t<\/div>\n\t\t\t\t\t<\/div>\n\t\t<\/div>\n\t\t\t\t<div class=\"elementor-column elementor-col-50 elementor-top-column elementor-element elementor-element-9f31d4b\" data-id=\"9f31d4b\" data-element_type=\"column\" data-e-type=\"column\">\n\t\t\t<div class=\"elementor-widget-wrap elementor-element-populated\">\n\t\t\t\t\t\t<div class=\"elementor-element elementor-element-b253837 elementor-widget elementor-widget-text-editor\" data-id=\"b253837\" data-element_type=\"widget\" data-e-type=\"widget\" data-widget_type=\"text-editor.default\">\n\t\t\t\t<div class=\"elementor-widget-container\">\n\t\t\t\t\t\t\t\t\t<p>Das Team von Bious Labs besteht aus hochqualifizierten Chemikern und Ingenieuren, die auf Kosmetik, Gewebetechnik und regenerative Medizin spezialisiert sind. Dies sind WissenschaftlerInnen, denen die Gesundheit der Menschen am Herzen liegt, also entwickeln sie wissenschaftlich fundierte und zuverl\u00e4ssige Heilmittel.<\/p>\t\t\t\t\t\t\t\t<\/div>\n\t\t\t\t<\/div>\n\t\t\t\t\t<\/div>\n\t\t<\/div>\n\t\t\t\t\t<\/div>\n\t\t<\/section>\n\t\t\t\t<section class=\"elementor-section elementor-top-section elementor-element elementor-element-27b3ab6 elementor-section-boxed elementor-section-height-default elementor-section-height-default\" data-id=\"27b3ab6\" data-element_type=\"section\" data-e-type=\"section\">\n\t\t\t\t\t\t<div class=\"elementor-container elementor-column-gap-default\">\n\t\t\t\t\t<div class=\"elementor-column elementor-col-100 elementor-top-column elementor-element elementor-element-28b9648\" data-id=\"28b9648\" data-element_type=\"column\" data-e-type=\"column\">\n\t\t\t<div class=\"elementor-widget-wrap elementor-element-populated\">\n\t\t\t\t\t\t<div class=\"elementor-element elementor-element-b499937 elementor-widget-divider--view-line elementor-widget elementor-widget-divider\" data-id=\"b499937\" data-element_type=\"widget\" data-e-type=\"widget\" data-widget_type=\"divider.default\">\n\t\t\t\t<div class=\"elementor-widget-container\">\n\t\t\t\t\t\t\t<div class=\"elementor-divider\">\n\t\t\t<span class=\"elementor-divider-separator\">\n\t\t\t\t\t\t<\/span>\n\t\t<\/div>\n\t\t\t\t\t\t<\/div>\n\t\t\t\t<\/div>\n\t\t\t\t\t<\/div>\n\t\t<\/div>\n\t\t\t\t\t<\/div>\n\t\t<\/section>\n\t\t\t\t<section class=\"elementor-section elementor-top-section elementor-element elementor-element-91163ca elementor-section-content-middle elementor-section-boxed elementor-section-height-default elementor-section-height-default\" data-id=\"91163ca\" data-element_type=\"section\" data-e-type=\"section\">\n\t\t\t\t\t\t<div class=\"elementor-container elementor-column-gap-extended\">\n\t\t\t\t\t<div class=\"elementor-column elementor-col-50 elementor-top-column elementor-element elementor-element-84e89ad\" data-id=\"84e89ad\" data-element_type=\"column\" data-e-type=\"column\">\n\t\t\t<div class=\"elementor-widget-wrap elementor-element-populated\">\n\t\t\t\t\t\t<div class=\"elementor-element elementor-element-b4a6265 elementor-widget elementor-widget-image\" data-id=\"b4a6265\" data-element_type=\"widget\" data-e-type=\"widget\" data-widget_type=\"image.default\">\n\t\t\t\t<div class=\"elementor-widget-container\">\n\t\t\t\t\t\t\t\t\t\t\t\t\t\t\t<img fetchpriority=\"high\" decoding=\"async\" width=\"640\" height=\"424\" src=\"https:\/\/biouslabs.com\/wp-content\/uploads\/2022\/05\/DSC_4201-1024x678.png\" class=\"attachment-large size-large wp-image-13926\" alt=\"\" srcset=\"https:\/\/biouslabs.com\/wp-content\/uploads\/2022\/05\/DSC_4201-1024x678.png 1024w, https:\/\/biouslabs.com\/wp-content\/uploads\/2022\/05\/DSC_4201-600x397.png 600w, https:\/\/biouslabs.com\/wp-content\/uploads\/2022\/05\/DSC_4201-300x199.png 300w, https:\/\/biouslabs.com\/wp-content\/uploads\/2022\/05\/DSC_4201-768x509.png 768w, https:\/\/biouslabs.com\/wp-content\/uploads\/2022\/05\/DSC_4201.png 1208w\" sizes=\"(max-width: 640px) 100vw, 640px\" \/>\t\t\t\t\t\t\t\t\t\t\t\t\t\t\t<\/div>\n\t\t\t\t<\/div>\n\t\t\t\t\t<\/div>\n\t\t<\/div>\n\t\t\t\t<div class=\"elementor-column elementor-col-50 elementor-top-column elementor-element elementor-element-07574af\" data-id=\"07574af\" data-element_type=\"column\" data-e-type=\"column\">\n\t\t\t<div class=\"elementor-widget-wrap elementor-element-populated\">\n\t\t\t\t\t\t<div class=\"elementor-element elementor-element-00e3a5f elementor-widget elementor-widget-image\" data-id=\"00e3a5f\" data-element_type=\"widget\" data-e-type=\"widget\" data-widget_type=\"image.default\">\n\t\t\t\t<div class=\"elementor-widget-container\">\n\t\t\t\t\t\t\t\t\t\t\t\t\t\t\t<img decoding=\"async\" width=\"640\" height=\"424\" src=\"https:\/\/biouslabs.com\/wp-content\/uploads\/2022\/05\/DSC_4214-1024x678.png\" class=\"attachment-large size-large wp-image-13927\" alt=\"\" srcset=\"https:\/\/biouslabs.com\/wp-content\/uploads\/2022\/05\/DSC_4214-1024x678.png 1024w, https:\/\/biouslabs.com\/wp-content\/uploads\/2022\/05\/DSC_4214-600x397.png 600w, https:\/\/biouslabs.com\/wp-content\/uploads\/2022\/05\/DSC_4214-300x199.png 300w, https:\/\/biouslabs.com\/wp-content\/uploads\/2022\/05\/DSC_4214-768x509.png 768w, https:\/\/biouslabs.com\/wp-content\/uploads\/2022\/05\/DSC_4214.png 1208w\" sizes=\"(max-width: 640px) 100vw, 640px\" \/>\t\t\t\t\t\t\t\t\t\t\t\t\t\t\t<\/div>\n\t\t\t\t<\/div>\n\t\t\t\t\t<\/div>\n\t\t<\/div>\n\t\t\t\t\t<\/div>\n\t\t<\/section>\n\t\t\t\t<section class=\"elementor-section elementor-top-section elementor-element elementor-element-4a02fa9 elementor-section-content-middle elementor-section-boxed elementor-section-height-default elementor-section-height-default\" data-id=\"4a02fa9\" data-element_type=\"section\" data-e-type=\"section\">\n\t\t\t\t\t\t<div class=\"elementor-container elementor-column-gap-extended\">\n\t\t\t\t\t<div class=\"elementor-column elementor-col-50 elementor-top-column elementor-element elementor-element-62677c4\" data-id=\"62677c4\" data-element_type=\"column\" data-e-type=\"column\">\n\t\t\t<div class=\"elementor-widget-wrap elementor-element-populated\">\n\t\t\t\t\t\t<div class=\"elementor-element elementor-element-9172457 elementor-widget elementor-widget-heading\" data-id=\"9172457\" data-element_type=\"widget\" data-e-type=\"widget\" data-widget_type=\"heading.default\">\n\t\t\t\t<div class=\"elementor-widget-container\">\n\t\t\t\t\t<h3 class=\"elementor-heading-title elementor-size-default\">Kosmetik<\/h3>\t\t\t\t<\/div>\n\t\t\t\t<\/div>\n\t\t\t\t\t<\/div>\n\t\t<\/div>\n\t\t\t\t<div class=\"elementor-column elementor-col-50 elementor-top-column elementor-element elementor-element-9a752cd\" data-id=\"9a752cd\" data-element_type=\"column\" data-e-type=\"column\">\n\t\t\t<div class=\"elementor-widget-wrap elementor-element-populated\">\n\t\t\t\t\t\t<div class=\"elementor-element elementor-element-9f3c732 elementor-widget elementor-widget-text-editor\" data-id=\"9f3c732\" data-element_type=\"widget\" data-e-type=\"widget\" data-widget_type=\"text-editor.default\">\n\t\t\t\t<div class=\"elementor-widget-container\">\n\t\t\t\t\t\t\t\t\t<p>\u00a0<\/p><ul><li>Entwicklung von Zusammensetzungen innovativer kosmetischer Produkte<\/li><li>Erstellung einer Beschreibung eines kosmetischen Produkts<\/li><li>Prototyping der Produktionstechnologie f\u00fcr kosmetische Produkte<\/li><li>Erstellung einer Beschreibung der Produktionstechnologie eines kosmetischen Mittels<\/li><li>\u00c4nderung der Produktionstechnologie eines kosmetischen Produkts entsprechend der verf\u00fcgbaren Ausr\u00fcstung<\/li><li>Beratung zu den funktionellen Inhaltsstoffen eines Kosmetikprodukts<\/li><\/ul>\t\t\t\t\t\t\t\t<\/div>\n\t\t\t\t<\/div>\n\t\t\t\t\t<\/div>\n\t\t<\/div>\n\t\t\t\t\t<\/div>\n\t\t<\/section>\n\t\t\t\t<section class=\"elementor-section elementor-top-section elementor-element elementor-element-a60b82d elementor-section-boxed elementor-section-height-default elementor-section-height-default\" data-id=\"a60b82d\" data-element_type=\"section\" data-e-type=\"section\">\n\t\t\t\t\t\t<div class=\"elementor-container elementor-column-gap-default\">\n\t\t\t\t\t<div class=\"elementor-column elementor-col-100 elementor-top-column elementor-element elementor-element-71fa21c\" data-id=\"71fa21c\" data-element_type=\"column\" data-e-type=\"column\">\n\t\t\t<div class=\"elementor-widget-wrap elementor-element-populated\">\n\t\t\t\t\t\t<div class=\"elementor-element elementor-element-6fecd61 elementor-widget-divider--view-line elementor-widget elementor-widget-divider\" data-id=\"6fecd61\" data-element_type=\"widget\" data-e-type=\"widget\" data-widget_type=\"divider.default\">\n\t\t\t\t<div class=\"elementor-widget-container\">\n\t\t\t\t\t\t\t<div class=\"elementor-divider\">\n\t\t\t<span class=\"elementor-divider-separator\">\n\t\t\t\t\t\t<\/span>\n\t\t<\/div>\n\t\t\t\t\t\t<\/div>\n\t\t\t\t<\/div>\n\t\t\t\t\t<\/div>\n\t\t<\/div>\n\t\t\t\t\t<\/div>\n\t\t<\/section>\n\t\t\t\t<section class=\"elementor-section elementor-top-section elementor-element elementor-element-95c1de3 elementor-section-content-middle elementor-section-boxed elementor-section-height-default elementor-section-height-default\" data-id=\"95c1de3\" data-element_type=\"section\" data-e-type=\"section\">\n\t\t\t\t\t\t<div class=\"elementor-container elementor-column-gap-extended\">\n\t\t\t\t\t<div class=\"elementor-column elementor-col-50 elementor-top-column elementor-element elementor-element-c26f41e\" data-id=\"c26f41e\" data-element_type=\"column\" data-e-type=\"column\">\n\t\t\t<div class=\"elementor-widget-wrap elementor-element-populated\">\n\t\t\t\t\t\t<div class=\"elementor-element elementor-element-6226286 elementor-widget elementor-widget-heading\" data-id=\"6226286\" data-element_type=\"widget\" data-e-type=\"widget\" data-widget_type=\"heading.default\">\n\t\t\t\t<div class=\"elementor-widget-container\">\n\t\t\t\t\t<h3 class=\"elementor-heading-title elementor-size-default\">Medizinprodukte der Klasse I, II<\/h3>\t\t\t\t<\/div>\n\t\t\t\t<\/div>\n\t\t\t\t\t<\/div>\n\t\t<\/div>\n\t\t\t\t<div class=\"elementor-column elementor-col-50 elementor-top-column elementor-element elementor-element-df6012f\" data-id=\"df6012f\" data-element_type=\"column\" data-e-type=\"column\">\n\t\t\t<div class=\"elementor-widget-wrap elementor-element-populated\">\n\t\t\t\t\t\t<div class=\"elementor-element elementor-element-3851a64 elementor-widget elementor-widget-text-editor\" data-id=\"3851a64\" data-element_type=\"widget\" data-e-type=\"widget\" data-widget_type=\"text-editor.default\">\n\t\t\t\t<div class=\"elementor-widget-container\">\n\t\t\t\t\t\t\t\t\t<div>\u00a0<\/div><ul><li>Entwicklung eines Medizinprodukts der Klasse I und\/oder Klasse II<\/li><li>Erstellung einer Beschreibung der Medizinprodukte<\/li><li>Prototyping der Herstellungstechnologie f\u00fcr medizinische Ger\u00e4te<\/li><li>Beratungen zur Zusammensetzung von Medizinprodukten<\/li><\/ul>\t\t\t\t\t\t\t\t<\/div>\n\t\t\t\t<\/div>\n\t\t\t\t\t<\/div>\n\t\t<\/div>\n\t\t\t\t\t<\/div>\n\t\t<\/section>\n\t\t\t\t<\/div>\n\t\t","protected":false},"excerpt":{"rendered":"<p>Unsere Aufgabe Bious Labs tr\u00e4gt\u00a0zur Verbreitung der neuesten, wissenschaftlich fundierten Informationen \u00fcber innovative Kosmetikprodukte und Medizinprodukte, Biomaterialien, ihre positiven oder negativen Auswirkungen auf Gesundheit und Umwelt bei.Bious Labs organisiert Schulungen und Seminare im Bereich Kosmetik und Biomedizin.Seminarthemen und Pr\u00e4sentationen sind auf unserem Facebook (Bious Labs) verf\u00fcgbar. Kontaktieren Sie uns auf Facebook oder info@biouslabs.com f\u00fcr weitere [&hellip;]<\/p>\n","protected":false},"author":1,"featured_media":0,"parent":0,"menu_order":0,"comment_status":"closed","ping_status":"closed","template":"","meta":{"_acf_changed":false,"footnotes":""},"class_list":["post-13943","page","type-page","status-publish","hentry"],"acf":[],"_links":{"self":[{"href":"https:\/\/biouslabs.com\/de\/wp-json\/wp\/v2\/pages\/13943","targetHints":{"allow":["GET"]}}],"collection":[{"href":"https:\/\/biouslabs.com\/de\/wp-json\/wp\/v2\/pages"}],"about":[{"href":"https:\/\/biouslabs.com\/de\/wp-json\/wp\/v2\/types\/page"}],"author":[{"embeddable":true,"href":"https:\/\/biouslabs.com\/de\/wp-json\/wp\/v2\/users\/1"}],"replies":[{"embeddable":true,"href":"https:\/\/biouslabs.com\/de\/wp-json\/wp\/v2\/comments?post=13943"}],"version-history":[{"count":16,"href":"https:\/\/biouslabs.com\/de\/wp-json\/wp\/v2\/pages\/13943\/revisions"}],"predecessor-version":[{"id":14218,"href":"https:\/\/biouslabs.com\/de\/wp-json\/wp\/v2\/pages\/13943\/revisions\/14218"}],"wp:attachment":[{"href":"https:\/\/biouslabs.com\/de\/wp-json\/wp\/v2\/media?parent=13943"}],"curies":[{"name":"wp","href":"https:\/\/api.w.org\/{rel}","templated":true}]}}