{"id":13945,"date":"2020-10-13T09:00:26","date_gmt":"2020-10-13T06:00:26","guid":{"rendered":"https:\/\/biouslabs.com\/bious-philosophie\/"},"modified":"2023-01-03T15:09:25","modified_gmt":"2023-01-03T13:09:25","slug":"bious-philosophie","status":"publish","type":"page","link":"https:\/\/biouslabs.com\/de\/bious-philosophie\/","title":{"rendered":"Bious Philosophie"},"content":{"rendered":"\t\t<div data-elementor-type=\"wp-page\" data-elementor-id=\"13945\" class=\"elementor elementor-13945 elementor-633\">\n\t\t\t\t\t\t<section class=\"elementor-section elementor-top-section elementor-element elementor-element-a9435d9 elementor-section-content-middle elementor-section-boxed elementor-section-height-default elementor-section-height-default\" data-id=\"a9435d9\" data-element_type=\"section\" data-e-type=\"section\">\n\t\t\t\t\t\t<div class=\"elementor-container elementor-column-gap-extended\">\n\t\t\t\t\t<div class=\"elementor-column elementor-col-50 elementor-top-column elementor-element elementor-element-2ca6e37\" data-id=\"2ca6e37\" data-element_type=\"column\" data-e-type=\"column\">\n\t\t\t<div class=\"elementor-widget-wrap elementor-element-populated\">\n\t\t\t\t\t\t<div class=\"elementor-element elementor-element-19a047b elementor-widget elementor-widget-image\" data-id=\"19a047b\" data-element_type=\"widget\" data-e-type=\"widget\" data-widget_type=\"image.default\">\n\t\t\t\t<div class=\"elementor-widget-container\">\n\t\t\t\t\t\t\t\t\t\t\t\t\t\t\t<img fetchpriority=\"high\" decoding=\"async\" width=\"1709\" height=\"2560\" src=\"https:\/\/biouslabs.com\/wp-content\/uploads\/2022\/05\/Odeta-scaled.jpg\" class=\"attachment-full size-full wp-image-13918\" alt=\"Odeta Baniukaitiene\" srcset=\"https:\/\/biouslabs.com\/wp-content\/uploads\/2022\/05\/Odeta-scaled.jpg 1709w, https:\/\/biouslabs.com\/wp-content\/uploads\/2022\/05\/Odeta-scaled-600x899.jpg 600w, https:\/\/biouslabs.com\/wp-content\/uploads\/2022\/05\/Odeta-scaled-200x300.jpg 200w, https:\/\/biouslabs.com\/wp-content\/uploads\/2022\/05\/Odeta-scaled-684x1024.jpg 684w, https:\/\/biouslabs.com\/wp-content\/uploads\/2022\/05\/Odeta-scaled-768x1150.jpg 768w, https:\/\/biouslabs.com\/wp-content\/uploads\/2022\/05\/Odeta-scaled-1025x1536.jpg 1025w, https:\/\/biouslabs.com\/wp-content\/uploads\/2022\/05\/Odeta-scaled-1367x2048.jpg 1367w\" sizes=\"(max-width: 1709px) 100vw, 1709px\" \/>\t\t\t\t\t\t\t\t\t\t\t\t\t\t\t<\/div>\n\t\t\t\t<\/div>\n\t\t\t\t\t<\/div>\n\t\t<\/div>\n\t\t\t\t<div class=\"elementor-column elementor-col-50 elementor-top-column elementor-element elementor-element-0f3eef1\" data-id=\"0f3eef1\" data-element_type=\"column\" data-e-type=\"column\">\n\t\t\t<div class=\"elementor-widget-wrap elementor-element-populated\">\n\t\t\t\t\t\t<div class=\"elementor-element elementor-element-b2daf09 elementor-widget elementor-widget-heading\" data-id=\"b2daf09\" data-element_type=\"widget\" data-e-type=\"widget\" data-widget_type=\"heading.default\">\n\t\t\t\t<div class=\"elementor-widget-container\">\n\t\t\t\t\t<h3 class=\"elementor-heading-title elementor-size-default\">Gr\u00fcnderin und Erfinderin \ndr. Odeta<\/h3>\t\t\t\t<\/div>\n\t\t\t\t<\/div>\n\t\t\t\t<div class=\"elementor-element elementor-element-20f4454 elementor-widget elementor-widget-text-editor\" data-id=\"20f4454\" data-element_type=\"widget\" data-e-type=\"widget\" data-widget_type=\"text-editor.default\">\n\t\t\t\t<div class=\"elementor-widget-container\">\n\t\t\t\t\t\t\t\t\t<p>Meine Reise in die Kosmetik begann mit dem Studium der Angewandten Chemie an der Technischen Universit\u00e4t Kaunas (Litauen). Hier habe ich mir einen sehr fundierten Hintergrund angeeignet, der es mir sp\u00e4ter erm\u00f6glichte, in die Bereiche der Kosmetikwissenschaft einzutauchen. Gro\u00dfe Wirkung erzielte der Forschungsaufenthalt an der Universit\u00e4t Wageningen (Niederlande). Einer jungen Studentin wurde die Entwicklung von Polyelektrolytkomplexmizellen der neuen Generation anvertraut, indem hochkomplexe Ger\u00e4te betrieben wurden. W\u00e4hrend des Praktikums in der Apothekenbranche, Abteilung Qualit\u00e4tskontrolle, wurden zus\u00e4tzlich meine Kenntnisse, erweitert. W\u00e4hrend diese Besch\u00e4ftigung beruflich n\u00fctzlich war und hohe F\u00e4higkeiten erforderte, habe ich mich entschieden, der Entwicklung neuer Materialien nachzugehen und so ein PhD-Studium begonnen. Mein Forschungsgegenstand war das Engineering von k\u00fcnstlichen menschlichen Geweben \u2013 neuartige Materialien f\u00fcr die Knochenregeneration wurden entwickelt. Dieses Thema treibt meine Neugier weiter an. W\u00e4hrend meiner 10-j\u00e4hrigen Karriere als Forscherin und Professorin habe ich mehrere Formulierungen entwickelt, die in der Medizin angewendet werden, 20 wissenschaftliche Artikel ver\u00f6ffentlicht und mehrere Generationen von Fachleuten der Kosmetikchemie ausgebildet. Ich habe erkannt, dass die Mission des Wissenschaftlers nicht nur darin besteht, neues Wissen zu entwickeln und weiterzugeben, sondern auch Produkte zu erfinden, die jedem Menschen dienen k\u00f6nnen. So ist Bious Labs geboren \u2013 ein Startup von Forscherkollegen, die darauf abzielen, die neuesten Erkenntnisse der wissenschaftlichen Forschung bei der Herstellung von au\u00dfergew\u00f6hnlich effizienten, aber reinen und ehrlichen Kosmetikprodukten zu \u00fcbertragen.<\/p><p>Bious Labs konzentriert sich auf die menschliche Haut als das gr\u00f6\u00dfte und eines der komplexesten menschlichen Organe, das mehrere Funktionen erf\u00fcllt, darunter sch\u00fctzende, thermoregulierende, sensorische, resorptive und ausscheidende Funktionen. Wir sind fest davon \u00fcberzeugt, dass wir Produktsysteme anbieten k\u00f6nnen, die auf verschiedene Hautprobleme abzielen. Wir haben mit dem offensichtlichsten Hautzustand des Alterns begonnen, indem wir ein Zwei-Produkt-System auf den Markt gebracht haben, das unserer Meinung nach das Beste ist, was die Kosmetikwissenschaft (nicht die Pharmazie) bieten kann. Ich lade Sie ein, sich dieser Reise zu ges\u00fcnderer Haut anzuschlie\u00dfen.<\/p><p>Mit freundlichen Gr\u00fc\u00dfen, dr. Odeta<\/p>\t\t\t\t\t\t\t\t<\/div>\n\t\t\t\t<\/div>\n\t\t\t\t\t<\/div>\n\t\t<\/div>\n\t\t\t\t\t<\/div>\n\t\t<\/section>\n\t\t\t\t<section class=\"elementor-section elementor-top-section elementor-element elementor-element-27c06e4 elementor-section-boxed elementor-section-height-default elementor-section-height-default\" data-id=\"27c06e4\" data-element_type=\"section\" data-e-type=\"section\">\n\t\t\t\t\t\t<div class=\"elementor-container elementor-column-gap-default\">\n\t\t\t\t\t<div class=\"elementor-column elementor-col-100 elementor-top-column elementor-element elementor-element-74d73d3\" data-id=\"74d73d3\" data-element_type=\"column\" data-e-type=\"column\">\n\t\t\t<div class=\"elementor-widget-wrap elementor-element-populated\">\n\t\t\t\t\t\t<div class=\"elementor-element elementor-element-368e4ec elementor-widget-divider--view-line elementor-widget elementor-widget-divider\" data-id=\"368e4ec\" data-element_type=\"widget\" data-e-type=\"widget\" data-widget_type=\"divider.default\">\n\t\t\t\t<div class=\"elementor-widget-container\">\n\t\t\t\t\t\t\t<div class=\"elementor-divider\">\n\t\t\t<span class=\"elementor-divider-separator\">\n\t\t\t\t\t\t<\/span>\n\t\t<\/div>\n\t\t\t\t\t\t<\/div>\n\t\t\t\t<\/div>\n\t\t\t\t\t<\/div>\n\t\t<\/div>\n\t\t\t\t\t<\/div>\n\t\t<\/section>\n\t\t\t\t<section class=\"elementor-section elementor-top-section elementor-element elementor-element-99e0509 elementor-section-content-middle elementor-section-boxed elementor-section-height-default elementor-section-height-default\" data-id=\"99e0509\" data-element_type=\"section\" data-e-type=\"section\">\n\t\t\t\t\t\t<div class=\"elementor-container elementor-column-gap-extended\">\n\t\t\t\t\t<div class=\"elementor-column elementor-col-50 elementor-top-column elementor-element elementor-element-8e08f37\" data-id=\"8e08f37\" data-element_type=\"column\" data-e-type=\"column\">\n\t\t\t<div class=\"elementor-widget-wrap elementor-element-populated\">\n\t\t\t\t\t\t<div class=\"elementor-element elementor-element-4b5dc9b elementor-widget elementor-widget-heading\" data-id=\"4b5dc9b\" data-element_type=\"widget\" data-e-type=\"widget\" data-widget_type=\"heading.default\">\n\t\t\t\t<div class=\"elementor-widget-container\">\n\t\t\t\t\t<h3 class=\"elementor-heading-title elementor-size-default\">Motivation<\/h3>\t\t\t\t<\/div>\n\t\t\t\t<\/div>\n\t\t\t\t\t<\/div>\n\t\t<\/div>\n\t\t\t\t<div class=\"elementor-column elementor-col-50 elementor-top-column elementor-element elementor-element-bc64343\" data-id=\"bc64343\" data-element_type=\"column\" data-e-type=\"column\">\n\t\t\t<div class=\"elementor-widget-wrap elementor-element-populated\">\n\t\t\t\t\t\t<div class=\"elementor-element elementor-element-12311dc elementor-widget elementor-widget-text-editor\" data-id=\"12311dc\" data-element_type=\"widget\" data-e-type=\"widget\" data-widget_type=\"text-editor.default\">\n\t\t\t\t<div class=\"elementor-widget-container\">\n\t\t\t\t\t\t\t\t\t<p>Hier bei Bious Labs nehmen wir die Wissenschaft der Hautpflege ernst. Das liegt daran, dass unsere Gr\u00fcnder echte WissenschaftlerInnen mit einem Doktortitel in Chemie und Technologie sind. Im Laufe unserer Jahre als Laborforscher haben wir viele Projekte umgesetzt, Dutzende von Artikeln ver\u00f6ffentlicht und auf zahlreichen Konferenzen pr\u00e4sentiert.<\/p><p>Anstatt neue Formulierungen auf molekularer Ebene zu entwickeln, wollten wir etwas schaffen, das der Gesellschaft wirklich zugute kommt \u2013 etwas, das jeder nutzen kann. Unsere Mission bei Bious Labs ist einfach: Wir wollen die Kraft nat\u00fcrlicher Inhaltsstoffe nutzen, um Hautpflegeprodukte herzustellen, die die bestm\u00f6gliche Wirkung erzielen. Wir verwenden nur erstklassige Materialien und kombinieren sie so, dass ihre nat\u00fcrlichen Kr\u00e4fte verst\u00e4rkt werden.<\/p><p>F\u00fcr Wissenschaftler ist es einfach, sehr kleine Mengen hochwertiger kosmetischer Formulierungen herzustellen \u2013 alles, was Sie brauchen, ist ein kleiner Kolben, hochreine Chemikalien und einige hochentwickelte wissenschaftliche Ger\u00e4te. Es ist jedoch schwierig, die gleiche Qualit\u00e4t und Effizienz in der Verbraucherproduktion zu reproduzieren. Unternehmen sind oft gezwungen, Kompromisse einzugehen \u2013 \u00fcberm\u00e4\u00dfige Stabilisatoren zu verwenden, um die Haltbarkeit zu maximieren, oder billige synthetische Inhaltsstoffe hinzuzuf\u00fcgen, um ein sofortiges und gef\u00e4lschtes Ergebnis zu erzielen.<\/p><p>Wir haben buchst\u00e4blich Tausende von Stunden mit Brainstorming und Laborarbeit verbracht, um sicherzustellen, dass wir in der Lage sind, sicherzustellen, dass alle unsere Produkte die bestm\u00f6glichen Formulierungen haben.<\/p>\t\t\t\t\t\t\t\t<\/div>\n\t\t\t\t<\/div>\n\t\t\t\t\t<\/div>\n\t\t<\/div>\n\t\t\t\t\t<\/div>\n\t\t<\/section>\n\t\t\t\t<section class=\"elementor-section elementor-top-section elementor-element elementor-element-8cd4483 elementor-section-boxed elementor-section-height-default elementor-section-height-default\" data-id=\"8cd4483\" data-element_type=\"section\" data-e-type=\"section\">\n\t\t\t\t\t\t<div class=\"elementor-container elementor-column-gap-default\">\n\t\t\t\t\t<div class=\"elementor-column elementor-col-100 elementor-top-column elementor-element elementor-element-7589c0a\" data-id=\"7589c0a\" data-element_type=\"column\" data-e-type=\"column\">\n\t\t\t<div class=\"elementor-widget-wrap elementor-element-populated\">\n\t\t\t\t\t\t<div class=\"elementor-element elementor-element-0d0de3e elementor-widget-divider--view-line elementor-widget elementor-widget-divider\" data-id=\"0d0de3e\" data-element_type=\"widget\" data-e-type=\"widget\" data-widget_type=\"divider.default\">\n\t\t\t\t<div class=\"elementor-widget-container\">\n\t\t\t\t\t\t\t<div class=\"elementor-divider\">\n\t\t\t<span class=\"elementor-divider-separator\">\n\t\t\t\t\t\t<\/span>\n\t\t<\/div>\n\t\t\t\t\t\t<\/div>\n\t\t\t\t<\/div>\n\t\t\t\t\t<\/div>\n\t\t<\/div>\n\t\t\t\t\t<\/div>\n\t\t<\/section>\n\t\t\t\t<section class=\"elementor-section elementor-top-section elementor-element elementor-element-48a6c40 elementor-section-content-middle elementor-section-boxed elementor-section-height-default elementor-section-height-default\" data-id=\"48a6c40\" data-element_type=\"section\" data-e-type=\"section\">\n\t\t\t\t\t\t<div class=\"elementor-container elementor-column-gap-extended\">\n\t\t\t\t\t<div class=\"elementor-column elementor-col-50 elementor-top-column elementor-element elementor-element-55c58e1\" data-id=\"55c58e1\" data-element_type=\"column\" data-e-type=\"column\">\n\t\t\t<div class=\"elementor-widget-wrap elementor-element-populated\">\n\t\t\t\t\t\t<div class=\"elementor-element elementor-element-97f96d1 elementor-widget elementor-widget-heading\" data-id=\"97f96d1\" data-element_type=\"widget\" data-e-type=\"widget\" data-widget_type=\"heading.default\">\n\t\t\t\t<div class=\"elementor-widget-container\">\n\t\t\t\t\t<h3 class=\"elementor-heading-title elementor-size-default\">Vision<\/h3>\t\t\t\t<\/div>\n\t\t\t\t<\/div>\n\t\t\t\t\t<\/div>\n\t\t<\/div>\n\t\t\t\t<div class=\"elementor-column elementor-col-50 elementor-top-column elementor-element elementor-element-9f31d4b\" data-id=\"9f31d4b\" data-element_type=\"column\" data-e-type=\"column\">\n\t\t\t<div class=\"elementor-widget-wrap elementor-element-populated\">\n\t\t\t\t\t\t<div class=\"elementor-element elementor-element-b253837 elementor-widget elementor-widget-text-editor\" data-id=\"b253837\" data-element_type=\"widget\" data-e-type=\"widget\" data-widget_type=\"text-editor.default\">\n\t\t\t\t<div class=\"elementor-widget-container\">\n\t\t\t\t\t\t\t\t\t<p>Unsere Vision treibt die weltweite Forschung und Innovation bei Hautpflegeprodukten und Cosmeceuticals voran. Wir sind fest davon \u00fcberzeugt, dass kosmetische Hautpflegeprodukte auf Basis nat\u00fcrlicher Inhaltsstoffe genauso effizient sein k\u00f6nnen wie ihre synthetischen Pendants und dass Bioformulierungen die Zukunft aller Kosmetikprodukte sind.<\/p>\t\t\t\t\t\t\t\t<\/div>\n\t\t\t\t<\/div>\n\t\t\t\t\t<\/div>\n\t\t<\/div>\n\t\t\t\t\t<\/div>\n\t\t<\/section>\n\t\t\t\t<section class=\"elementor-section elementor-top-section elementor-element elementor-element-27b3ab6 elementor-section-boxed elementor-section-height-default elementor-section-height-default\" data-id=\"27b3ab6\" data-element_type=\"section\" data-e-type=\"section\">\n\t\t\t\t\t\t<div class=\"elementor-container elementor-column-gap-default\">\n\t\t\t\t\t<div class=\"elementor-column elementor-col-100 elementor-top-column elementor-element elementor-element-28b9648\" data-id=\"28b9648\" data-element_type=\"column\" data-e-type=\"column\">\n\t\t\t<div class=\"elementor-widget-wrap elementor-element-populated\">\n\t\t\t\t\t\t<div class=\"elementor-element elementor-element-b499937 elementor-widget-divider--view-line elementor-widget elementor-widget-divider\" data-id=\"b499937\" data-element_type=\"widget\" data-e-type=\"widget\" data-widget_type=\"divider.default\">\n\t\t\t\t<div class=\"elementor-widget-container\">\n\t\t\t\t\t\t\t<div class=\"elementor-divider\">\n\t\t\t<span class=\"elementor-divider-separator\">\n\t\t\t\t\t\t<\/span>\n\t\t<\/div>\n\t\t\t\t\t\t<\/div>\n\t\t\t\t<\/div>\n\t\t\t\t\t<\/div>\n\t\t<\/div>\n\t\t\t\t\t<\/div>\n\t\t<\/section>\n\t\t\t\t<section class=\"elementor-section elementor-top-section elementor-element elementor-element-91163ca elementor-section-content-middle elementor-section-boxed elementor-section-height-default elementor-section-height-default\" data-id=\"91163ca\" data-element_type=\"section\" data-e-type=\"section\">\n\t\t\t\t\t\t<div class=\"elementor-container elementor-column-gap-extended\">\n\t\t\t\t\t<div class=\"elementor-column elementor-col-50 elementor-top-column elementor-element elementor-element-84e89ad\" data-id=\"84e89ad\" data-element_type=\"column\" data-e-type=\"column\">\n\t\t\t<div class=\"elementor-widget-wrap elementor-element-populated\">\n\t\t\t\t\t\t<div class=\"elementor-element elementor-element-fde865d elementor-widget elementor-widget-heading\" data-id=\"fde865d\" data-element_type=\"widget\" data-e-type=\"widget\" data-widget_type=\"heading.default\">\n\t\t\t\t<div class=\"elementor-widget-container\">\n\t\t\t\t\t<h3 class=\"elementor-heading-title elementor-size-default\">Grundwerte<\/h3>\t\t\t\t<\/div>\n\t\t\t\t<\/div>\n\t\t\t\t\t<\/div>\n\t\t<\/div>\n\t\t\t\t<div class=\"elementor-column elementor-col-50 elementor-top-column elementor-element elementor-element-07574af\" data-id=\"07574af\" data-element_type=\"column\" data-e-type=\"column\">\n\t\t\t<div class=\"elementor-widget-wrap elementor-element-populated\">\n\t\t\t\t\t\t<div class=\"elementor-element elementor-element-2d6e67a elementor-widget elementor-widget-text-editor\" data-id=\"2d6e67a\" data-element_type=\"widget\" data-e-type=\"widget\" data-widget_type=\"text-editor.default\">\n\t\t\t\t<div class=\"elementor-widget-container\">\n\t\t\t\t\t\t\t\t\t<p>\u2013 <strong>Wirksamkeit unserer Produkte.<\/strong> Die Kombination nat\u00fcrlicher Inhaltsstoffe in unseren Produkten ist einzigartig und gesch\u00fctzt. Dies ist das Ergebnis stundenlanger Entwicklung und Versuche. Unser Ziel ist es zu beweisen, dass Kosmetikprodukte auf Basis nat\u00fcrlicher Inhaltsstoffe genauso wirksam sein k\u00f6nnen wie ihre synthetischen Pendants, aber frei von den negativen Langzeitwirkungen. Wir verbessern unsere Produkte kontinuierlich, um Ihnen als Benutzer einen noch h\u00f6heren Mehrwert zu bieten.<\/p><p>\u2013 <strong>Qualit\u00e4t vor Quantit\u00e4t.<\/strong> Wir produzieren nur begrenzte Mengen an Produkten in Kleinserien. Auf diese Weise k\u00f6nnen wir uns darauf konzentrieren sicherzustellen, dass alle unsere Formulierungen von h\u00f6chster Qualit\u00e4t sind und dass sie in einem begrenzten Zeitrahmen vertrieben werden, um Frische zu gew\u00e4hrleisten. Wir investieren in Produkttests in bekannten internationalen Labors, um unsere Behauptungen \u00fcber die Produkteffizienz zu untermauern.<\/p><p>\u2013 <strong>Wir sind ehrlich in Bezug auf unsere Formeln und Inhaltsstoffe.<\/strong> Unsere Formeln enthalten nur die hochwirksamen Inhaltsstoffe, die f\u00fcr eine maximale Effizienz erforderlich sind. Wir vermeiden billige synthetische Substanzen, die zu sofortigen k\u00fcnstlichen Effekten f\u00fchren, aber gesundheitssch\u00e4dliche Auswirkungen haben k\u00f6nnen. Wir glauben, dass unsere Benutzer gebildet und bewusst genug sind, um die Reinheit und Klarheit unserer Produkte zu sch\u00e4tzen. Wir stellen sicher, dass wir nur die geringste Menge an Konservierungsmitteln verwenden, die erforderlich sind, um sicherzustellen, dass die Produkte sicher zu Ihnen nach Hause gelangen und die Haltbarkeit unserer Produkte unterst\u00fctzen.<\/p><p>\u2013 <strong>Umweltfreundlichkeit.<\/strong> Wir hoffen, dass wir unsere Produkte eines Tages in vollst\u00e4ndig nachhaltigen Verpackungen versenden k\u00f6nnen, die vollst\u00e4ndig aus lokalen Bioressourcen hergestellt werden, die vollst\u00e4ndig biologisch abbaubar sind. Wir verstehen, wie Nachhaltigkeit funktioniert, und k\u00f6nnen die Grenzen der derzeitigen Verpackungspraxis erkennen. Wir glauben aber auch an Transparenz und Vertrauen, und deshalb erz\u00e4hlen wir keine \u201eGreen-Washing\u201c-Geschichten, die behaupten, wir seien vollst\u00e4ndig umweltfreundlich. Der Gro\u00dfteil unserer Verpackungen (der Verpackungskarton und der Umschlag) wurde sorgf\u00e4ltig entworfen, um die Verwendung von recycelten und recycelbaren Materialien zu maximieren. Sogar die Kunststoffverschl\u00fcsse unserer Flaschen sind recycelbar, obwohl sie nicht biobasiert sind, da sie die hohen Anforderungen an Sterilit\u00e4t und Gebrauch erf\u00fcllen m\u00fcssen, die Kosmetikprodukte stellen. Nachhaltigkeit ist ein Eckpfeiler unserer Marke, und deshalb scannen wir den Verpackungsmarkt kontinuierlich nach neuen Produkten aus biobasierten Materialien.<\/p>\t\t\t\t\t\t\t\t<\/div>\n\t\t\t\t<\/div>\n\t\t\t\t\t<\/div>\n\t\t<\/div>\n\t\t\t\t\t<\/div>\n\t\t<\/section>\n\t\t\t\t<section class=\"elementor-section elementor-top-section elementor-element elementor-element-a60b82d elementor-section-boxed elementor-section-height-default elementor-section-height-default\" data-id=\"a60b82d\" data-element_type=\"section\" data-e-type=\"section\">\n\t\t\t\t\t\t<div class=\"elementor-container elementor-column-gap-default\">\n\t\t\t\t\t<div class=\"elementor-column elementor-col-100 elementor-top-column elementor-element elementor-element-71fa21c\" data-id=\"71fa21c\" data-element_type=\"column\" data-e-type=\"column\">\n\t\t\t<div class=\"elementor-widget-wrap elementor-element-populated\">\n\t\t\t\t\t\t<div class=\"elementor-element elementor-element-6fecd61 elementor-widget-divider--view-line elementor-widget elementor-widget-divider\" data-id=\"6fecd61\" data-element_type=\"widget\" data-e-type=\"widget\" data-widget_type=\"divider.default\">\n\t\t\t\t<div class=\"elementor-widget-container\">\n\t\t\t\t\t\t\t<div class=\"elementor-divider\">\n\t\t\t<span class=\"elementor-divider-separator\">\n\t\t\t\t\t\t<\/span>\n\t\t<\/div>\n\t\t\t\t\t\t<\/div>\n\t\t\t\t<\/div>\n\t\t\t\t\t<\/div>\n\t\t<\/div>\n\t\t\t\t\t<\/div>\n\t\t<\/section>\n\t\t\t\t<\/div>\n\t\t","protected":false},"excerpt":{"rendered":"<p>Gr\u00fcnderin und Erfinderin dr. Odeta Meine Reise in die Kosmetik begann mit dem Studium der Angewandten Chemie an der Technischen Universit\u00e4t Kaunas (Litauen). Hier habe ich mir einen sehr fundierten Hintergrund angeeignet, der es mir sp\u00e4ter erm\u00f6glichte, in die Bereiche der Kosmetikwissenschaft einzutauchen. Gro\u00dfe Wirkung erzielte der Forschungsaufenthalt an der Universit\u00e4t Wageningen (Niederlande). Einer jungen [&hellip;]<\/p>\n","protected":false},"author":1,"featured_media":0,"parent":0,"menu_order":0,"comment_status":"closed","ping_status":"closed","template":"","meta":{"_acf_changed":false,"footnotes":""},"class_list":["post-13945","page","type-page","status-publish","hentry"],"acf":[],"_links":{"self":[{"href":"https:\/\/biouslabs.com\/de\/wp-json\/wp\/v2\/pages\/13945","targetHints":{"allow":["GET"]}}],"collection":[{"href":"https:\/\/biouslabs.com\/de\/wp-json\/wp\/v2\/pages"}],"about":[{"href":"https:\/\/biouslabs.com\/de\/wp-json\/wp\/v2\/types\/page"}],"author":[{"embeddable":true,"href":"https:\/\/biouslabs.com\/de\/wp-json\/wp\/v2\/users\/1"}],"replies":[{"embeddable":true,"href":"https:\/\/biouslabs.com\/de\/wp-json\/wp\/v2\/comments?post=13945"}],"version-history":[{"count":16,"href":"https:\/\/biouslabs.com\/de\/wp-json\/wp\/v2\/pages\/13945\/revisions"}],"predecessor-version":[{"id":14861,"href":"https:\/\/biouslabs.com\/de\/wp-json\/wp\/v2\/pages\/13945\/revisions\/14861"}],"wp:attachment":[{"href":"https:\/\/biouslabs.com\/de\/wp-json\/wp\/v2\/media?parent=13945"}],"curies":[{"name":"wp","href":"https:\/\/api.w.org\/{rel}","templated":true}]}}