{"id":13958,"date":"2020-10-13T02:48:45","date_gmt":"2020-10-12T23:48:45","guid":{"rendered":"https:\/\/biouslabs.com\/versandbedingungen\/"},"modified":"2022-09-14T09:54:40","modified_gmt":"2022-09-14T06:54:40","slug":"versandbedingungen","status":"publish","type":"page","link":"https:\/\/biouslabs.com\/de\/versandbedingungen\/","title":{"rendered":"Versand und Lieferung"},"content":{"rendered":"\t\t<div data-elementor-type=\"wp-page\" data-elementor-id=\"13958\" class=\"elementor elementor-13958 elementor-546\">\n\t\t\t\t\t\t<section class=\"elementor-section elementor-top-section elementor-element elementor-element-d5bbbbe elementor-section-boxed elementor-section-height-default elementor-section-height-default\" data-id=\"d5bbbbe\" data-element_type=\"section\" data-e-type=\"section\">\n\t\t\t\t\t\t<div class=\"elementor-container elementor-column-gap-extended\">\n\t\t\t\t\t<div class=\"elementor-column elementor-col-33 elementor-top-column elementor-element elementor-element-194966c\" data-id=\"194966c\" data-element_type=\"column\" data-e-type=\"column\">\n\t\t\t<div class=\"elementor-widget-wrap\">\n\t\t\t\t\t\t\t<\/div>\n\t\t<\/div>\n\t\t\t\t<div class=\"elementor-column elementor-col-33 elementor-top-column elementor-element elementor-element-a8f22a2\" data-id=\"a8f22a2\" data-element_type=\"column\" data-e-type=\"column\" data-settings=\"{&quot;background_background&quot;:&quot;classic&quot;}\">\n\t\t\t<div class=\"elementor-widget-wrap elementor-element-populated\">\n\t\t\t\t\t\t<div class=\"elementor-element elementor-element-1f8fd0e elementor-widget elementor-widget-heading\" data-id=\"1f8fd0e\" data-element_type=\"widget\" data-e-type=\"widget\" data-widget_type=\"heading.default\">\n\t\t\t\t<div class=\"elementor-widget-container\">\n\t\t\t\t\t<h4 class=\"elementor-heading-title elementor-size-default\">Versandkosten &amp; Kosten<\/h4>\t\t\t\t<\/div>\n\t\t\t\t<\/div>\n\t\t\t\t<div class=\"elementor-element elementor-element-cf5c770 elementor-widget elementor-widget-text-editor\" data-id=\"cf5c770\" data-element_type=\"widget\" data-e-type=\"widget\" data-widget_type=\"text-editor.default\">\n\t\t\t\t<div class=\"elementor-widget-container\">\n\t\t\t\t\t\t\t\t\t<p>Der neben dem Produkt angezeigte Preis beinhaltet die gesetzliche Mehrwertsteuer und den Versand. Wenn Sie mehr als 3 Produkte bestellen, senden Sie uns bitte eine Nachricht an sales@bious.com und wir werden die Sendungen zusammenf\u00fchren.&gt;<\/p>\t\t\t\t\t\t\t\t<\/div>\n\t\t\t\t<\/div>\n\t\t\t\t<div class=\"elementor-element elementor-element-0dbff24 elementor-widget elementor-widget-heading\" data-id=\"0dbff24\" data-element_type=\"widget\" data-e-type=\"widget\" data-widget_type=\"heading.default\">\n\t\t\t\t<div class=\"elementor-widget-container\">\n\t\t\t\t\t<h4 class=\"elementor-heading-title elementor-size-default\">Versandziel<\/h4>\t\t\t\t<\/div>\n\t\t\t\t<\/div>\n\t\t\t\t<div class=\"elementor-element elementor-element-b4e7fc8 elementor-widget elementor-widget-text-editor\" data-id=\"b4e7fc8\" data-element_type=\"widget\" data-e-type=\"widget\" data-widget_type=\"text-editor.default\">\n\t\t\t\t<div class=\"elementor-widget-container\">\n\t\t\t\t\t\t\t\t\t<p>Wir versenden innerhalb des Europ\u00e4ischen Wirtschaftsraums (EWR), n\u00e4mlich \u00d6sterreich, Belgien, Bulgarien, Kroatien, die Republik Zypern, die Tschechische Republik, D\u00e4nemark, Estland, Finnland, Frankreich, Deutschland, Griechenland, Ungarn, Island, Irland, Italien, Lettland, Liechtenstein, Litauen, Luxemburg, Malta, die Niederlande, Norwegen, Polen, Portugal, Rum\u00e4nien, Slowakei, Slowenien, Spanien, Schweden sowie die Schweiz. Im Falle einer Bestellung von au\u00dferhalb der oben genannten L\u00e4nder, kontaktieren Sie uns bitte unter sales@biouslabs.com f\u00fcr Versandm\u00f6glichkeiten und Preise.<\/p>\t\t\t\t\t\t\t\t<\/div>\n\t\t\t\t<\/div>\n\t\t\t\t<div class=\"elementor-element elementor-element-21cb3b1 elementor-widget elementor-widget-heading\" data-id=\"21cb3b1\" data-element_type=\"widget\" data-e-type=\"widget\" data-widget_type=\"heading.default\">\n\t\t\t\t<div class=\"elementor-widget-container\">\n\t\t\t\t\t<h4 class=\"elementor-heading-title elementor-size-default\">Versandarten und Lieferzeiten\n<\/h4>\t\t\t\t<\/div>\n\t\t\t\t<\/div>\n\t\t\t\t<div class=\"elementor-element elementor-element-6a9309e elementor-widget elementor-widget-text-editor\" data-id=\"6a9309e\" data-element_type=\"widget\" data-e-type=\"widget\" data-widget_type=\"text-editor.default\">\n\t\t\t\t<div class=\"elementor-widget-container\">\n\t\t\t\t\t\t\t\t\t<p>Zu unseren prim\u00e4ren Spediteuren geh\u00f6ren DPD und UPS. Lieferzeiten innerhalb Europas liegen in der Regel innerhalb von 2-5 Werktagen.<\/p>\t\t\t\t\t\t\t\t<\/div>\n\t\t\t\t<\/div>\n\t\t\t\t<div class=\"elementor-element elementor-element-3de1541 elementor-widget elementor-widget-heading\" data-id=\"3de1541\" data-element_type=\"widget\" data-e-type=\"widget\" data-widget_type=\"heading.default\">\n\t\t\t\t<div class=\"elementor-widget-container\">\n\t\t\t\t\t<h4 class=\"elementor-heading-title elementor-size-default\">Fehlende oder verlorene Pakete<\/h4>\t\t\t\t<\/div>\n\t\t\t\t<\/div>\n\t\t\t\t<div class=\"elementor-element elementor-element-dbb5425 elementor-widget elementor-widget-text-editor\" data-id=\"dbb5425\" data-element_type=\"widget\" data-e-type=\"widget\" data-widget_type=\"text-editor.default\">\n\t\t\t\t<div class=\"elementor-widget-container\">\n\t\t\t\t\t\t\t\t\t<p>Wenn das Paket unterwegs verloren geht, informieren Sie bitte den Spediteur unter Angabe der von uns per E-Mail erhaltenen Sendungsverfolgungsnummer. Falls das Paket verloren geht, lassen Sie es uns wissen und wir werden so schnell wie m\u00f6glich ein neues versenden!<\/p>\t\t\t\t\t\t\t\t<\/div>\n\t\t\t\t<\/div>\n\t\t\t\t<div class=\"elementor-element elementor-element-751449a elementor-widget elementor-widget-heading\" data-id=\"751449a\" data-element_type=\"widget\" data-e-type=\"widget\" data-widget_type=\"heading.default\">\n\t\t\t\t<div class=\"elementor-widget-container\">\n\t\t\t\t\t<h4 class=\"elementor-heading-title elementor-size-default\">R\u00fcckgabe und Umtausch<\/h4>\t\t\t\t<\/div>\n\t\t\t\t<\/div>\n\t\t\t\t<div class=\"elementor-element elementor-element-23253f4 elementor-widget elementor-widget-text-editor\" data-id=\"23253f4\" data-element_type=\"widget\" data-e-type=\"widget\" data-widget_type=\"text-editor.default\">\n\t\t\t\t<div class=\"elementor-widget-container\">\n\t\t\t\t\t\t\t\t\t<p>Wir sind bestrebt, die h\u00f6chste Qualit\u00e4t unserer Produkte sicherzustellen und pr\u00fcfen jedes Paket vor dem Versand. Sollten Sie irgendwelche M\u00e4ngel am Produkt feststellen, informieren Sie uns bitte unter sales@bious.com<\/p>\t\t\t\t\t\t\t\t<\/div>\n\t\t\t\t<\/div>\n\t\t\t\t<div class=\"elementor-element elementor-element-e7b388a elementor-widget elementor-widget-heading\" data-id=\"e7b388a\" data-element_type=\"widget\" data-e-type=\"widget\" data-widget_type=\"heading.default\">\n\t\t\t\t<div class=\"elementor-widget-container\">\n\t\t\t\t\t<h4 class=\"elementor-heading-title elementor-size-default\">R\u00fcckgabe von Waren<\/h4>\t\t\t\t<\/div>\n\t\t\t\t<\/div>\n\t\t\t\t<div class=\"elementor-element elementor-element-46e78a7 elementor-widget elementor-widget-text-editor\" data-id=\"46e78a7\" data-element_type=\"widget\" data-e-type=\"widget\" data-widget_type=\"text-editor.default\">\n\t\t\t\t<div class=\"elementor-widget-container\">\n\t\t\t\t\t\t\t\t\t<p>Der Kunde hat das Recht, das Produkt abzulehnen und es innerhalb von 14 Kalendertagen nach Erhalt des Produkts ohne Angabe von Gr\u00fcnden zur\u00fcckzugeben.<\/p><p>Der Verk\u00e4ufer muss Waren, die der K\u00e4ufer in unbesch\u00e4digter Verpackung und mit einem Kaufbeleg zur\u00fccksenden m\u00f6chte, innerhalb von 14 Tagen ab Lieferdatum ersetzen oder zur\u00fccknehmen:<\/p><p>MB \u201cBious labs&#8220; Draugyst\u0117s g. 15D, LT-51227 Kaunas, Litauen<br \/>via DPD-Kurier Lieferkosten sind nicht erstattungsf\u00e4hig. Der K\u00e4ufer sendet die mangelhafte Ware selbst zur\u00fcck oder tr\u00e4gt die R\u00fccksendekosten.<br \/>Wenn der K\u00e4ufer beschlie\u00dft, den Vertrag zu k\u00fcndigen und den Verk\u00e4ufer dar\u00fcber informiert, verliert der K\u00e4ufer das Recht, das Produkt ab dem Datum der Absendung der Mitteilung zu verwenden. Datum und Uhrzeit der Absendung der Mitteilung richten sich nach dem Zeitpunkt der Absendung der Mitteilung durch den K\u00e4ufer. Wenn festgestellt wird, dass die Ware nach dem Absenden der Mitteilung verwendet wurde, hat der Verk\u00e4ufer das Recht, die Vertragsaufl\u00f6sung zu verweigern.<\/p><p>Der K\u00e4ufer kann das R\u00fcckgaberecht aus\u00fcben, wenn die Ware unbenutzt ist, die Originalverpackung der Ware nicht besch\u00e4digt ist und ihre markt\u00fcbliche Darstellung nicht verloren hat. Zur\u00fcckgesandte Waren m\u00fcssen vollst\u00e4ndig komplettiert sein. Der K\u00e4ufer ist f\u00fcr die vollst\u00e4ndige Komplettierung und Verpackung des Artikels verantwortlich. Wenn die Ware nicht vollst\u00e4ndig montiert und ordnungsgem\u00e4\u00df verpackt ist, kann der Verk\u00e4ufer oder sein Vertreter die Annahme der zur\u00fcckgesandten Ware verweigern. \u00c4nderungen des Aussehens des Produkts oder seiner Verpackung, die zur \u00dcberpr\u00fcfung des Produkts erforderlich waren, k\u00f6nnen nicht als wesentliche \u00c4nderungen des Aussehens des Produkts angesehen werden. ____________<\/p><p>Wenn eine gekaufte Ware die Qualit\u00e4tsanforderungen nicht erf\u00fcllt, ist der Verk\u00e4ufer verpflichtet, die Ware mit schlechter Qualit\u00e4t durch eine Ware mit angemessener Qualit\u00e4t zu ersetzen, den Preis der Ware entsprechend zu mindern oder das f\u00fcr die Ware und ihre Lieferung gezahlte Geld innerhalb von 7 Werktagen zur\u00fcckzuerstatten Abgabe des Antrags. Zur\u00fcckgesendete Produkte m\u00fcssen in unbesch\u00e4digter Originalverpackung sein. Der K\u00e4ufer muss au\u00dferdem eine Originalrechnung f\u00fcr die Ware und ein ausgef\u00fclltes und unterschriebenes R\u00fccksendeformular mit Angabe des Grundes f\u00fcr die R\u00fccksendung der Ware einreichen.<\/p>\t\t\t\t\t\t\t\t<\/div>\n\t\t\t\t<\/div>\n\t\t\t\t<section class=\"elementor-section elementor-inner-section elementor-element elementor-element-eb04fc1 elementor-section-boxed elementor-section-height-default elementor-section-height-default\" data-id=\"eb04fc1\" data-element_type=\"section\" data-e-type=\"section\">\n\t\t\t\t\t\t<div class=\"elementor-container elementor-column-gap-no\">\n\t\t\t\t\t<div class=\"elementor-column elementor-col-50 elementor-inner-column elementor-element elementor-element-8f6e4ef\" data-id=\"8f6e4ef\" data-element_type=\"column\" data-e-type=\"column\">\n\t\t\t<div class=\"elementor-widget-wrap elementor-element-populated\">\n\t\t\t\t\t\t<div class=\"elementor-element elementor-element-a2bcedb elementor-widget elementor-widget-text-editor\" data-id=\"a2bcedb\" data-element_type=\"widget\" data-e-type=\"widget\" data-widget_type=\"text-editor.default\">\n\t\t\t\t<div class=\"elementor-widget-container\">\n\t\t\t\t\t\t\t\t\t<p><a class=\"razzi-button button-outline button-big\" href=\"#\">Haben Sie irgendwelche Fragen?<\/a><\/p>\t\t\t\t\t\t\t\t<\/div>\n\t\t\t\t<\/div>\n\t\t\t\t\t<\/div>\n\t\t<\/div>\n\t\t\t\t<div class=\"elementor-column elementor-col-50 elementor-inner-column elementor-element elementor-element-0a235ed\" data-id=\"0a235ed\" data-element_type=\"column\" data-e-type=\"column\">\n\t\t\t<div class=\"elementor-widget-wrap elementor-element-populated\">\n\t\t\t\t\t\t<div class=\"elementor-element elementor-element-74ae363 elementor-widget elementor-widget-text-editor\" data-id=\"74ae363\" data-element_type=\"widget\" data-e-type=\"widget\" data-widget_type=\"text-editor.default\">\n\t\t\t\t<div class=\"elementor-widget-container\">\n\t\t\t\t\t\t\t\t\t<p><a class=\"razzi-button button-outline button-big\" href=\"#\">M\u00f6chten Sie Kontakt aufnehmen?<\/a><\/p>\t\t\t\t\t\t\t\t<\/div>\n\t\t\t\t<\/div>\n\t\t\t\t\t<\/div>\n\t\t<\/div>\n\t\t\t\t\t<\/div>\n\t\t<\/section>\n\t\t\t\t\t<\/div>\n\t\t<\/div>\n\t\t\t\t<div class=\"elementor-column elementor-col-33 elementor-top-column elementor-element elementor-element-43ee965\" data-id=\"43ee965\" data-element_type=\"column\" data-e-type=\"column\">\n\t\t\t<div class=\"elementor-widget-wrap\">\n\t\t\t\t\t\t\t<\/div>\n\t\t<\/div>\n\t\t\t\t\t<\/div>\n\t\t<\/section>\n\t\t\t\t<\/div>\n\t\t","protected":false},"excerpt":{"rendered":"<p>Versandkosten &amp; Kosten Der neben dem Produkt angezeigte Preis beinhaltet die gesetzliche Mehrwertsteuer und den Versand. Wenn Sie mehr als 3 Produkte bestellen, senden Sie uns bitte eine Nachricht an sales@bious.com und wir werden die Sendungen zusammenf\u00fchren.&gt; Versandziel Wir versenden innerhalb des Europ\u00e4ischen Wirtschaftsraums (EWR), n\u00e4mlich \u00d6sterreich, Belgien, Bulgarien, Kroatien, die Republik Zypern, die Tschechische [&hellip;]<\/p>\n","protected":false},"author":1,"featured_media":0,"parent":0,"menu_order":0,"comment_status":"closed","ping_status":"closed","template":"","meta":{"_acf_changed":false,"footnotes":""},"class_list":["post-13958","page","type-page","status-publish","hentry"],"acf":[],"_links":{"self":[{"href":"https:\/\/biouslabs.com\/de\/wp-json\/wp\/v2\/pages\/13958","targetHints":{"allow":["GET"]}}],"collection":[{"href":"https:\/\/biouslabs.com\/de\/wp-json\/wp\/v2\/pages"}],"about":[{"href":"https:\/\/biouslabs.com\/de\/wp-json\/wp\/v2\/types\/page"}],"author":[{"embeddable":true,"href":"https:\/\/biouslabs.com\/de\/wp-json\/wp\/v2\/users\/1"}],"replies":[{"embeddable":true,"href":"https:\/\/biouslabs.com\/de\/wp-json\/wp\/v2\/comments?post=13958"}],"version-history":[{"count":20,"href":"https:\/\/biouslabs.com\/de\/wp-json\/wp\/v2\/pages\/13958\/revisions"}],"predecessor-version":[{"id":14246,"href":"https:\/\/biouslabs.com\/de\/wp-json\/wp\/v2\/pages\/13958\/revisions\/14246"}],"wp:attachment":[{"href":"https:\/\/biouslabs.com\/de\/wp-json\/wp\/v2\/media?parent=13958"}],"curies":[{"name":"wp","href":"https:\/\/api.w.org\/{rel}","templated":true}]}}