{"id":14927,"date":"2023-02-02T08:38:51","date_gmt":"2023-02-02T06:38:51","guid":{"rendered":"https:\/\/biouslabs.com\/impressum\/"},"modified":"2023-11-07T10:55:49","modified_gmt":"2023-11-07T08:55:49","slug":"impressum","status":"publish","type":"page","link":"https:\/\/biouslabs.com\/de\/impressum\/","title":{"rendered":"Impressum"},"content":{"rendered":"\t\t<div data-elementor-type=\"wp-page\" data-elementor-id=\"14927\" class=\"elementor elementor-14927 elementor-14912\">\n\t\t\t\t\t\t<section class=\"elementor-section elementor-top-section elementor-element elementor-element-808b8ef elementor-section-boxed elementor-section-height-default elementor-section-height-default\" data-id=\"808b8ef\" data-element_type=\"section\" data-e-type=\"section\">\n\t\t\t\t\t\t<div class=\"elementor-container elementor-column-gap-default\">\n\t\t\t\t\t<div class=\"elementor-column elementor-col-100 elementor-top-column elementor-element elementor-element-ba6a8b4\" data-id=\"ba6a8b4\" data-element_type=\"column\" data-e-type=\"column\">\n\t\t\t<div class=\"elementor-widget-wrap elementor-element-populated\">\n\t\t\t\t\t\t<div class=\"elementor-element elementor-element-0acfd03 elementor-widget elementor-widget-text-editor\" data-id=\"0acfd03\" data-element_type=\"widget\" data-e-type=\"widget\" data-widget_type=\"text-editor.default\">\n\t\t\t\t<div class=\"elementor-widget-container\">\n\t\t\t\t\t\t\t\t\t<p><strong>FIRMENNAME<\/strong><\/p>\n<p>Bious labs, MB<\/p>\n<p><strong>ADRESSE:<\/strong><\/p>\n<p>Draugyst\u0117s g. 15D&nbsp;<span style=\"color: var( --e-global-color-text ); font-family: var( --e-global-typography-text-font-family ), Sans-serif; font-weight: var( --e-global-typography-text-font-weight );\">LT-51227 Kaunas<\/span><\/p>\n<p>Litauen<\/p><p>Telefon: +370 600 09199<br><\/p>\n<p>Email: <a href=\"mailto:info@biouslabs.com\">info@biouslabs.com<\/a><\/p>\n<p>Webseite: <a href=\"https:\/\/biouslabs.com\/de\/\">https:\/\/biouslabs.com\/de<\/a><\/p>\n<p><strong>FIRMENREGISTRIERUNG:<\/strong><\/p>\n<p>Draugyst\u0117s g. 15D&nbsp;<span style=\"color: var( --e-global-color-text ); font-family: var( --e-global-typography-text-font-family ), Sans-serif; font-weight: var( --e-global-typography-text-font-weight );\">LT-51227 Kaunas<\/span><br><\/p>\n<p>Firmen-ID: 305649166<\/p>\n<p>MwSt: LT100014442111<\/p>\n<p><strong>GESCH\u00c4FTSF\u00dcHRER:<\/strong><\/p>\n<p>Edvinas Krugly<\/p>\n<p>Telefon: +370 675 24358<\/p>\t\t\t\t\t\t\t\t<\/div>\n\t\t\t\t<\/div>\n\t\t\t\t\t<\/div>\n\t\t<\/div>\n\t\t\t\t\t<\/div>\n\t\t<\/section>\n\t\t\t\t<\/div>\n\t\t","protected":false},"excerpt":{"rendered":"<p>FIRMENNAME Bious labs, MB ADRESSE: Draugyst\u0117s g. 15D&nbsp;LT-51227 Kaunas Litauen Telefon: +370 600 09199 Email: info@biouslabs.com Webseite: https:\/\/biouslabs.com\/de FIRMENREGISTRIERUNG: Draugyst\u0117s g. 15D&nbsp;LT-51227 Kaunas Firmen-ID: 305649166 MwSt: LT100014442111 GESCH\u00c4FTSF\u00dcHRER: Edvinas Krugly Telefon: +370 675 24358<\/p>\n","protected":false},"author":1,"featured_media":0,"parent":0,"menu_order":0,"comment_status":"closed","ping_status":"closed","template":"","meta":{"_acf_changed":false,"footnotes":""},"class_list":["post-14927","page","type-page","status-publish","hentry"],"acf":[],"_links":{"self":[{"href":"https:\/\/biouslabs.com\/de\/wp-json\/wp\/v2\/pages\/14927","targetHints":{"allow":["GET"]}}],"collection":[{"href":"https:\/\/biouslabs.com\/de\/wp-json\/wp\/v2\/pages"}],"about":[{"href":"https:\/\/biouslabs.com\/de\/wp-json\/wp\/v2\/types\/page"}],"author":[{"embeddable":true,"href":"https:\/\/biouslabs.com\/de\/wp-json\/wp\/v2\/users\/1"}],"replies":[{"embeddable":true,"href":"https:\/\/biouslabs.com\/de\/wp-json\/wp\/v2\/comments?post=14927"}],"version-history":[{"count":10,"href":"https:\/\/biouslabs.com\/de\/wp-json\/wp\/v2\/pages\/14927\/revisions"}],"predecessor-version":[{"id":15407,"href":"https:\/\/biouslabs.com\/de\/wp-json\/wp\/v2\/pages\/14927\/revisions\/15407"}],"wp:attachment":[{"href":"https:\/\/biouslabs.com\/de\/wp-json\/wp\/v2\/media?parent=14927"}],"curies":[{"name":"wp","href":"https:\/\/api.w.org\/{rel}","templated":true}]}}