{"id":13982,"date":"2022-05-08T14:44:13","date_gmt":"2022-05-08T11:44:13","guid":{"rendered":"https:\/\/biouslabs.com\/produktas\/bious-anti-aging-gentle-foaming-face-cleanser\/"},"modified":"2026-02-20T01:34:44","modified_gmt":"2026-02-19T23:34:44","slug":"anti-aging-sanfter-schaumender-gesichtsreiniger","status":"publish","type":"product","link":"https:\/\/biouslabs.com\/de\/produktas\/anti-aging-sanfter-schaumender-gesichtsreiniger\/","title":{"rendered":"Sanft sch\u00e4umende Gesichtsreinigung"},"content":{"rendered":"<p><span style=\"color: var(--rz-color-dark); font-size: 40px; font-family: var(--rz-font-family-primary);\">Produkteigenschaften<\/span><\/p>\n<div class=\"et_pb_module et_pb_text et_pb_text_1_tb_body et_pb_text_align_left et_pb_bg_layout_light\">\n<div class=\"et_pb_text_inner\">\n<p>Der Gentle Foaming Facial Cleanser ist einzigartig in seiner Zusammensetzung. Es ist eine Zusammensetzung aus \u00e4u\u00dferst milden Tensiden und Extrakten aus Berg- und Meerespflanzen, angereichert mit hautbefeuchtenden Komponenten: D-Panthenol, Glycerin, Natrium-PCA, Xylit und seinen Derivaten.<\/p>\n<p>Milde Tenside erzeugen feine, mousseartige Sch\u00e4ume und entfernen effektiv Unreinheiten und \u00fcbersch\u00fcssigen Talg. Ein Komplex aus bioaktiven Meeresextrakten (<em>Chondrus Crispus, Sargassum Muticum<\/em> Extracts) und hochreinen Extrakten aus der Schweizer Alpenblume Edelweiss (<em>Leontopodium alpinum<\/em>) und Malvenbl\u00fcte (<em>Malva Sylvestris<\/em>) f\u00f6rdert die Hautregeneration, reduziert Irritationen und reguliert die Talgabsonderung.<\/p>\n<\/div>\n<\/div>\n","protected":false},"excerpt":{"rendered":"<div class=\"et_pb_module et_pb_text et_pb_text_3_tb_body et_pb_text_align_left et_pb_bg_layout_light\">\n<div class=\"et_pb_text_inner\">\n<p>Entfernt wirksam und sanft Unreinheiten, ohne die Haut zu sch\u00e4digen. Regt die Hauterneuerung an, mildert Reizungen, hilft Feuchtigkeit zu speichern und beugt Trockenheit vor.<\/p>\n<p>Volumen &#8211; 50 ml. F\u00fcr alle Hauttypen geeignet.<\/p>\n<p>Mit:<\/p>\n<\/div>\n<\/div>\n<div class=\"et_pb_module et_pb_text et_pb_text_4_tb_body et_pb_text_align_left et_pb_bg_layout_light\">\n<div class=\"et_pb_text_inner\">Schweizer Alpen-Edelweiss \/ Meerespflanzenextrakte \/ Tensid auf Aminos\u00e4urebasis \/ Sodium PCA<\/div>\n<\/div>\n<div class=\"et_pb_module et_pb_text et_pb_text_5_tb_body et_pb_text_align_left et_pb_bg_layout_dark\">\n<div class=\"et_pb_text_inner\">\n<h2>Produkt Vorteile<\/h2>\n<\/div>\n<\/div>\n<div class=\"et_pb_module et_pb_text et_pb_text_6_tb_body et_pb_text_align_left et_pb_bg_layout_light\">\n<div class=\"et_pb_text_inner\">\n<ul>\n<li>Sorgt f\u00fcr sehr feinporigen, mousseartigen Schaum und seidigen Gleiteffekt<\/li>\n<li>Entfernt Unreinheiten und \u00fcbersch\u00fcssigen Talg<\/li>\n<li>Purifies the skin without affecting its delicate pH and protective barrier<\/li>\n<li>Leistungsstarke Wirkstoffe sorgen f\u00fcr Anti-Aging und beruhigende Kraft<\/li>\n<li>Frei von scharfen Tensiden, ethoxylierten Verbindungen, Parabenen, synthetischen Verdickungsmitteln, Farbstoffen, Duftstoffen und anderen reizenden Inhaltsstoffen<\/li>\n<li>F\u00fcr alle Hauttypen geeignet<\/li>\n<\/ul>\n<p>ANTI-AGING \u2022 MILDE TENSIDE \u2022 SANFTES SCH\u00c4UMEN \u2022 SLIP-EFFEKT \u2022 LEISTUNGSSTARKE WIRKSTOFFE \u2022 ZUVERL\u00c4SSIGE ZUSAMMENSETZUNG<\/p>\n<\/div>\n<\/div>\n","protected":false},"featured_media":14350,"comment_status":"open","ping_status":"closed","template":"","meta":{"_acf_changed":false},"product_brand":[],"product_cat":[116],"product_tag":[],"class_list":{"0":"post-13982","1":"product","2":"type-product","3":"status-publish","4":"has-post-thumbnail","6":"product_cat-antialterung","8":"first","9":"instock","10":"taxable","11":"shipping-taxable","12":"purchasable","13":"product-type-simple"},"acf":[],"_links":{"self":[{"href":"https:\/\/biouslabs.com\/de\/wp-json\/wp\/v2\/product\/13982","targetHints":{"allow":["GET"]}}],"collection":[{"href":"https:\/\/biouslabs.com\/de\/wp-json\/wp\/v2\/product"}],"about":[{"href":"https:\/\/biouslabs.com\/de\/wp-json\/wp\/v2\/types\/product"}],"replies":[{"embeddable":true,"href":"https:\/\/biouslabs.com\/de\/wp-json\/wp\/v2\/comments?post=13982"}],"wp:featuredmedia":[{"embeddable":true,"href":"https:\/\/biouslabs.com\/de\/wp-json\/wp\/v2\/media\/14350"}],"wp:attachment":[{"href":"https:\/\/biouslabs.com\/de\/wp-json\/wp\/v2\/media?parent=13982"}],"wp:term":[{"taxonomy":"product_brand","embeddable":true,"href":"https:\/\/biouslabs.com\/de\/wp-json\/wp\/v2\/product_brand?post=13982"},{"taxonomy":"product_cat","embeddable":true,"href":"https:\/\/biouslabs.com\/de\/wp-json\/wp\/v2\/product_cat?post=13982"},{"taxonomy":"product_tag","embeddable":true,"href":"https:\/\/biouslabs.com\/de\/wp-json\/wp\/v2\/product_tag?post=13982"}],"curies":[{"name":"wp","href":"https:\/\/api.w.org\/{rel}","templated":true}]}}