{"id":13983,"date":"2022-05-08T14:43:13","date_gmt":"2022-05-08T11:43:13","guid":{"rendered":"https:\/\/biouslabs.com\/produktas\/bious-anti-aging-triple-complex-eye-cream\/"},"modified":"2026-03-23T06:04:03","modified_gmt":"2026-03-23T04:04:03","slug":"anti-aging-triple-komplex-augencreme","status":"publish","type":"product","link":"https:\/\/biouslabs.com\/de\/produktas\/anti-aging-triple-komplex-augencreme\/","title":{"rendered":"Anti-Aging Triple-Komplex Augencreme"},"content":{"rendered":"<p><span style=\"color: var(--rz-color-dark); font-size: 40px; font-family: var(--rz-font-family-primary);\">Produkteigenschaften<\/span><\/p>\n<div class=\"et_pb_module et_pb_text et_pb_text_1_tb_body et_pb_text_align_left et_pb_bg_layout_light\">\n<div class=\"et_pb_text_inner\">\n<p>Eine dreifach wirkende, verj\u00fcngende Augencreme mit einer einzigartigen Wirkstoffkombination, die den Zeichen der Hautalterung vorbeugt oder sie reduziert. Die Multifunktionscreme enth\u00e4lt einen Komplex aus leistungsstarken feuchtigkeitsspendenden Substanzen, pflegenden \u00d6len und Pflanzenextrakten. Der Dreifachkomplex wurde entwickelt, um intensive Feuchtigkeit und n\u00e4hrende Kraft zu liefern, antioxidative Unterst\u00fctzung zu bieten und die Gewebereparatur zu beschleunigen.<\/p>\n<p>Die Kombination aus Natriumcarboxymethyl-Beta-Glucan, Natriumhyaluronat, Natrium-PCA, Xylit und seinen Derivaten sch\u00fctzt die Haut, indem sie ihre Barrierefunktion st\u00e4rkt und den Feuchtigkeitsgehalt wiederherstellt.<\/p>\n<p>Die Mischung aus Alpen-Gebirgsblumen-\/Blattextrakten (Arnica Montana\/Malva Sylvestris), Vitamin E und nat\u00fcrlichen \u00d6len (Borago officinalis, Jojoba, Traubenkern, Sonnenblume) spendet n\u00e4hrende Pflege und bietet starken antioxidativen Schutz, indem sie die Widerstandskraft der Haut gegen \u00e4u\u00dfere Stressfaktoren erh\u00f6ht.<\/p>\n<p>Der Komplex aus Extrakten aus dem Meer (Chondrus Crispus, Laminaria Ochroleuca, Sargassum Muticum und Himanthalia Elongata) und Extrakt aus Schweizer Alpen-Edelwei\u00df (Leontopodium alpinum) f\u00f6rdert die Hautregeneration, stimuliert und stellt nat\u00fcrliche physiologische Prozesse wieder her.<\/p>\n<\/div>\n<\/div>\n","protected":false},"excerpt":{"rendered":"<div class=\"et_pb_module et_pb_text et_pb_text_3_tb_body et_pb_text_align_left et_pb_bg_layout_light\">\n<div class=\"et_pb_text_inner\">\n<p>Verj\u00fcngt und strafft die Augenlider,<span style=\"color: var(--rz-text-color); font-family: var(--rz-font-family-primary);\">reduziert Schwellungen,<\/span> <span style=\"color: var(--rz-text-color); font-family: var(--rz-font-family-primary);\">erh\u00f6ht die Elastizit\u00e4t, <\/span><span style=\"color: var(--rz-text-color); font-family: var(--rz-font-family-primary);\">s<\/span><span style=\"color: var(--rz-text-color); font-family: var(--rz-font-family-primary);\">katina<\/span><span style=\"color: var(--rz-text-color); font-family: var(--rz-font-family-primary);\"> die Haut der Augenbrauen <\/span><span style=\"color: var(--rz-text-color); font-family: var(--rz-font-family-primary);\">Erneuerung<\/span><span style=\"color: var(--rz-text-color); font-family: var(--rz-font-family-primary);\">. <\/span><span style=\"color: var(--rz-text-color); font-family: var(--rz-font-family-primary);\">Stellt die Feuchtigkeitsbalance wieder her<\/span><span style=\"color: var(--rz-text-color); font-family: var(--rz-font-family-primary);\">,<\/span><span style=\"color: var(--rz-text-color); font-family: var(--rz-font-family-primary);\"> n\u00e4hrt<\/span><span style=\"color: var(--rz-text-color); font-family: var(--rz-font-family-primary);\">, <\/span><span style=\"color: var(--rz-text-color); font-family: var(--rz-font-family-primary);\">liefert Antioxidantien<\/span><span style=\"color: var(--rz-text-color); font-family: var(--rz-font-family-primary);\">st\u00e4rkt die Barrierefunktion der Haut und erh\u00f6ht die Widerstandsf\u00e4higkeit der Haut unter den Augen gegen\u00fcber Umwelteinfl\u00fcssen.<\/span><\/p>\n<p>Sie kann eine vergleichbare Wirkung haben wie invasive Behandlungen der Gesichtshaut.<\/p>\n<p><span style=\"color: var(--rz-text-color); font-family: var(--rz-font-family-primary);\">Volumen &#8211; 15 ml. F\u00fcr alle Hauttypen geeignet.<\/span><\/p>\n<p>Mit:<\/p>\n<\/div>\n<\/div>\n<div class=\"et_pb_module et_pb_text et_pb_text_4_tb_body et_pb_text_align_left et_pb_bg_layout_light\">\n<div class=\"et_pb_text_inner\">\n<p>Schweizer Alpen-Edelweiss \/ Meerespflanzenextrakte \/ Natriumhyaluronat \/ Natrium-PCA \/ Natrium-Carboxymethyl-<em>Beta<\/em>-Glucan \/ Tetranatrium-Tetracarboxymethyl-Naringeninchalcon<\/p>\n<\/div>\n<\/div>\n<div class=\"et_pb_module et_pb_text et_pb_text_5_tb_body et_pb_text_align_left et_pb_bg_layout_dark\">\n<div class=\"et_pb_text_inner\">\n<h2>Produkt Vorteile<\/h2>\n<\/div>\n<\/div>\n<div class=\"et_pb_module et_pb_text et_pb_text_6_tb_body et_pb_text_align_left et_pb_bg_layout_light\">\n<div class=\"et_pb_text_inner\">\n<ul>\n<li>Pflegt die Haut und spendet intensive Feuchtigkeit<\/li>\n<li>High performance active ingredients deliver antioxidants and accelerate tissue repair<\/li>\n<li>Hilft, eine sch\u00fctzende Barrierefunktion aufrechtzuerhalten<\/li>\n<li>Frei von ethoxylierten Verbindungen, Parabenen, synthetischen Verdickungsmitteln, Farbstoffen, Duftstoffen und anderen reizenden Inhaltsstoffen<\/li>\n<li>F\u00fcr alle Hauttypen geeignet<\/li>\n<\/ul>\n<p>ANTI-AGING \u2022 HOCHLEISTUNGSSUBSTANZEN \u2022 FEUCHTIGKEITSSPENDENDE UND N\u00c4HRENDE KRAFT \u2022 GEWEBEREPARATUR \u2022 ANTIOXIDANT-LIEFERUNG \u2022 ZUVERL\u00c4SSIGE ZUSAMMENSETZUNG<\/p>\n<\/div>\n<\/div>\n","protected":false},"featured_media":16284,"comment_status":"open","ping_status":"closed","template":"","meta":{"_acf_changed":false},"product_brand":[],"product_cat":[116],"product_tag":[],"class_list":{"0":"post-13983","1":"product","2":"type-product","3":"status-publish","4":"has-post-thumbnail","6":"product_cat-antialterung","8":"first","9":"instock","10":"taxable","11":"shipping-taxable","12":"purchasable","13":"product-type-simple"},"acf":[],"_links":{"self":[{"href":"https:\/\/biouslabs.com\/de\/wp-json\/wp\/v2\/product\/13983","targetHints":{"allow":["GET"]}}],"collection":[{"href":"https:\/\/biouslabs.com\/de\/wp-json\/wp\/v2\/product"}],"about":[{"href":"https:\/\/biouslabs.com\/de\/wp-json\/wp\/v2\/types\/product"}],"replies":[{"embeddable":true,"href":"https:\/\/biouslabs.com\/de\/wp-json\/wp\/v2\/comments?post=13983"}],"wp:featuredmedia":[{"embeddable":true,"href":"https:\/\/biouslabs.com\/de\/wp-json\/wp\/v2\/media\/16284"}],"wp:attachment":[{"href":"https:\/\/biouslabs.com\/de\/wp-json\/wp\/v2\/media?parent=13983"}],"wp:term":[{"taxonomy":"product_brand","embeddable":true,"href":"https:\/\/biouslabs.com\/de\/wp-json\/wp\/v2\/product_brand?post=13983"},{"taxonomy":"product_cat","embeddable":true,"href":"https:\/\/biouslabs.com\/de\/wp-json\/wp\/v2\/product_cat?post=13983"},{"taxonomy":"product_tag","embeddable":true,"href":"https:\/\/biouslabs.com\/de\/wp-json\/wp\/v2\/product_tag?post=13983"}],"curies":[{"name":"wp","href":"https:\/\/api.w.org\/{rel}","templated":true}]}}