{"id":13984,"date":"2022-05-08T14:42:13","date_gmt":"2022-05-08T11:42:13","guid":{"rendered":"https:\/\/biouslabs.com\/produktas\/bious-anti-aging-set\/"},"modified":"2026-03-20T21:23:56","modified_gmt":"2026-03-20T19:23:56","slug":"bious-anti-aging-set","status":"publish","type":"product","link":"https:\/\/biouslabs.com\/de\/produktas\/bious-anti-aging-set\/","title":{"rendered":"Intensive verj\u00fcngende, reparierende und straffende Gesichtscreme und Serum im Set"},"content":{"rendered":"<p><span style=\"color: var(--rz-color-dark); font-size: 40px; font-family: var(--rz-font-family-primary);\">Produkteigenschaften<\/span><\/p>\n<div class=\"et_pb_module et_pb_text et_pb_text_1_tb_body et_pb_text_align_left et_pb_bg_layout_light\">\n<div class=\"et_pb_text_inner\">\n<p>Intensiv verj\u00fcngendes und straffendes Gesichtsserum \/ 01<\/p>\n<p>Das Bious Intensive Rejuvenating and Strengthening Serum ist einzigartig in seiner Zusammensetzung. Hyalurons\u00e4ure, D-Panthenol und Natrium-PCA sorgen f\u00fcr einen starken Wasserspeichereffekt, der die Hautfeuchtigkeit erh\u00f6ht und ihre Elastizit\u00e4t steigert, w\u00e4hrend Schweizer alpines Edelwei\u00df und Meerespflanzenextrakte Antioxidantien liefern und das Auftreten von Zeichen der Hautalterung reduzieren.<\/p>\n<p>Bious Anti-Aging Face Serum Booster mit Schweizer Alpen-Edelweiss (<em>Leontopodium alpinum<\/em>), Meerespflanzenextrakten (Hydrolyzed <em>Ulva Lactuca, Chondrus crispus<\/em>) und feuchtigkeitsspendenden Wirkstoffen hinterl\u00e4sst einen beruhigenden, feuchtigkeitsspendenden und antioxidativen Film auf der Haut.<\/p>\n<p>Intensive verj\u00fcngende und regenerierende Gesichtscreme \/ 02<\/p>\n<p>Bious intensive Verj\u00fcngungs- und Reparaturcreme mit exklusiven Pflanzenextrakten, n\u00e4hrenden \u00d6len und Feuchtigkeitsspendern stellt die Barrierefunktion der Haut wieder her und reduziert die Zeichen der Hautalterung. Eine wirksame Kombination aus Hyalurons\u00e4ure mit D-Panthenol und Sodium PCA unterst\u00fctzt nachhaltig die epidermale Hydratation und erh\u00f6ht die Hautelastizit\u00e4t.<\/p>\n<p>Komplex aus bioaktiven Meeresextrakten (<em>Hydrolyzed Ulva Lactuca, Chondrus Crispus, Himanthalia Elongate<\/em>) und einem hochreinen Extrakt aus der Schweizer Alpenblume Edelweiss (<em>Leontopodium alpinum<\/em>) hat eine grosse Regenerationskraft mit sanftem Peeling-Effekt. Seine remodellierende Wirkung reduziert sichtbar feine Ausdruckslinien und F\u00e4ltchen.<\/p>\n<p>Die Creme mit einer reichhaltigen Dosis Meeresextrakten sch\u00fctzt die Haut vor \u00e4u\u00dferen Einfl\u00fcssen und lindert Irritationen.<\/p>\n<\/div>\n<\/div>\n","protected":false},"excerpt":{"rendered":"<div class=\"et_pb_module et_pb_text et_pb_text_3_tb_body et_pb_text_align_left et_pb_bg_layout_light\">\n<div class=\"et_pb_text_inner\">\n<p>Das exklusive System aus Creme und Serum verj\u00fcngt, regeneriert und st\u00e4rkt den Teint intensiv. Verbessert die Elastizit\u00e4t und Festigkeit der Gesichtshaut. Reduziert das Erscheinungsbild von feinen Linien<span style=\"color: var(--rz-text-color); font-family: var(--rz-font-family-primary);\"> und <\/span>Falten<span style=\"color: var(--rz-text-color); font-family: var(--rz-font-family-primary);\"> und aktiviert die<\/span><span style=\"color: var(--rz-text-color); font-family: var(--rz-font-family-primary);\"> Hauterneuerungsprozesse. <\/span>Erh\u00f6ht die Widerstandskraft der Haut gegen<span style=\"color: var(--rz-text-color); font-family: var(--rz-font-family-primary);\"> \u00e4u\u00dfere Einfl\u00fcsse, <\/span>lindert<span style=\"color: var(--rz-text-color); font-family: var(--rz-font-family-primary);\"> Reizungen und <\/span>stellt<span style=\"color: var(--rz-text-color); font-family: var(--rz-font-family-primary);\"> die Barrierefunktion der Haut<\/span> wieder her<span style=\"color: var(--rz-text-color); font-family: var(--rz-font-family-primary);\">.<\/span><\/p>\n<\/div>\n<\/div>\n<div class=\"et_pb_module et_pb_text et_pb_text_4_tb_body et_pb_text_align_left et_pb_bg_layout_light\">\n<div class=\"et_pb_text_inner\">\n<p><strong>Qualit\u00e4t und Wirksamkeit wurden von J.S. Hamilton, einem akkreditierten Pr\u00fcflabor, best\u00e4tigt (Berichte 62994\/21\/CGDA, 62479\/21\/CGDA, 62993\/21\/CGDA, 62478\/21\/CGDA).<\/strong><\/p>\n<p><span style=\"color: var(--rz-text-color); font-family: var(--rz-font-family-primary);\">Volumen &#8211; 30 + 30 ml. F\u00fcr alle Hauttypen geeignet.<\/span><\/p>\n<\/div>\n<\/div>\n<div class=\"et_pb_module et_pb_text et_pb_text_5_tb_body et_pb_text_align_left et_pb_bg_layout_dark\">\n<div class=\"et_pb_text_inner\">\n<h2>Produkt Vorteile<\/h2>\n<\/div>\n<\/div>\n<div class=\"et_pb_module et_pb_text et_pb_text_6_tb_body et_pb_text_align_left et_pb_bg_layout_light\">\n<div class=\"et_pb_text_inner\">\n<p>100 % der Benutzer berichten von positiven Ergebnissen!<\/p>\n<p>Intensives verj\u00fcngendes und straffendes Gesichtsserum \/ 01<\/p>\n<p>\u2022 Verbessert die Hautfeuchtigkeit um bis zu 20 % \u2022 Verbessert die Hautelastizit\u00e4t um bis zu 34 %<\/p>\n<p>&#8211; Erh\u00f6ht die Festigkeit der Haut um bis zu 42%<\/p>\n<p>Intensive verj\u00fcngende und regenerierende Gesichtscreme \/ 02<\/p>\n<p>\u2022 Verbessert die Hautfeuchtigkeit um bis zu 20 % \u2022 Verbessert die Hautelastizit\u00e4t um bis zu 34 %<\/p>\n<p>Verbessert die Hautfestigkeit um bis zu 24 %<br \/>\nReduziert die Faltentiefe um bis zu 42 %<br \/>\n\u2022 Reduziert die Faltenbreite um bis zu 8 %<\/p>\n<p>INTENSIVE VERJ\u00dcNGUNG &#8211; ANTI-AGEING &#8211; LEISTUNGSSTARKE WIRKSTOFFE &#8211; FEUCHTIGKEITSSPENDENDE UND N\u00c4HRENDE WIRKUNG &#8211; GEWEBEERNEUERUNG &#8211; ANTIOXIDATIVE VERSORGUNG &#8211; ZUVERL\u00c4SSIGE FORMULIERUNG<\/p>\n<\/div>\n<\/div>\n","protected":false},"featured_media":14340,"comment_status":"open","ping_status":"closed","template":"","meta":{"_acf_changed":false},"product_brand":[],"product_cat":[116],"product_tag":[],"class_list":{"0":"post-13984","1":"product","2":"type-product","3":"status-publish","4":"has-post-thumbnail","6":"product_cat-antialterung","8":"first","9":"instock","10":"taxable","11":"shipping-taxable","12":"purchasable","13":"product-type-simple"},"acf":[],"_links":{"self":[{"href":"https:\/\/biouslabs.com\/de\/wp-json\/wp\/v2\/product\/13984","targetHints":{"allow":["GET"]}}],"collection":[{"href":"https:\/\/biouslabs.com\/de\/wp-json\/wp\/v2\/product"}],"about":[{"href":"https:\/\/biouslabs.com\/de\/wp-json\/wp\/v2\/types\/product"}],"replies":[{"embeddable":true,"href":"https:\/\/biouslabs.com\/de\/wp-json\/wp\/v2\/comments?post=13984"}],"wp:featuredmedia":[{"embeddable":true,"href":"https:\/\/biouslabs.com\/de\/wp-json\/wp\/v2\/media\/14340"}],"wp:attachment":[{"href":"https:\/\/biouslabs.com\/de\/wp-json\/wp\/v2\/media?parent=13984"}],"wp:term":[{"taxonomy":"product_brand","embeddable":true,"href":"https:\/\/biouslabs.com\/de\/wp-json\/wp\/v2\/product_brand?post=13984"},{"taxonomy":"product_cat","embeddable":true,"href":"https:\/\/biouslabs.com\/de\/wp-json\/wp\/v2\/product_cat?post=13984"},{"taxonomy":"product_tag","embeddable":true,"href":"https:\/\/biouslabs.com\/de\/wp-json\/wp\/v2\/product_tag?post=13984"}],"curies":[{"name":"wp","href":"https:\/\/api.w.org\/{rel}","templated":true}]}}