{"id":13985,"date":"2022-05-08T14:41:12","date_gmt":"2022-05-08T11:41:12","guid":{"rendered":"https:\/\/biouslabs.com\/produktas\/bious-anti-aging-regenerating-face-cream\/"},"modified":"2026-04-10T15:41:42","modified_gmt":"2026-04-10T12:41:42","slug":"anti-aging-regenerierende-gesichtscreme","status":"publish","type":"product","link":"https:\/\/biouslabs.com\/de\/produktas\/anti-aging-regenerierende-gesichtscreme\/","title":{"rendered":"Anti-Aging Regenerierende Gesichtscreme"},"content":{"rendered":"<div class=\"et_pb_column et_pb_column_1_2 et_pb_column_2_tb_body et_pb_css_mix_blend_mode_passthrough\">\n<div class=\"et_pb_module et_pb_text et_pb_text_1_tb_body et_pb_text_align_left et_pb_bg_layout_light\">\n<div class=\"et_pb_text_inner\">\n<p><span style=\"color: var(--rz-color-dark); font-size: 40px; font-family: var(--rz-font-family-primary);\">Produkteigenschaften<\/span><\/p>\n<\/div>\n<\/div>\n<\/div>\n<div class=\"et_pb_column et_pb_column_1_2 et_pb_column_3_tb_body et_pb_css_mix_blend_mode_passthrough et-last-child\">\n<div class=\"et_pb_module et_pb_text et_pb_text_6_tb_body et_pb_text_align_left et_pb_bg_layout_light\">\n<div class=\"et_pb_text_inner\">\n<p>Bious Anti-Aging regenerierende Gesichtscreme mit speziell ausgew\u00e4hlten Pflanzenextrakten, pflegenden \u00d6len und leistungsstarken feuchtigkeitsspendenden Substanzen verbessert die Barrierefunktion der Haut und mindert das Erscheinungsbild der Zeichen der Hautalterung. Eine wirksame Kombination aus Hyalurons\u00e4ure mit D-Panthenol und Sodium PCA unterst\u00fctzt nachhaltig die epidermale Hydratation und erh\u00f6ht die Hautelastizit\u00e4t.<\/p>\n<p>Komplex aus bioaktiven Meeresextrakten (<em>Hydrolyzed Ulva Lactuca, Chondrus Crispus, Himanthalia Elongate<\/em>) und einem hochreinen Extrakt aus der Schweizer alpines Edelwei\u00df (<em>Leontopodium alpinum<\/em>) hat eine grosse Regenerationskraft mit sanftem Peeling-Effekt. Seine remodellierende Wirkung reduziert sichtbar feine Ausdruckslinien und F\u00e4ltchen.<\/p>\n<p>Die Creme mit einer reichhaltigen Dosis Meeresextrakten sch\u00fctzt die Haut vor \u00e4u\u00dferen Einfl\u00fcssen und lindert Irritationen.<\/p>\n<\/div>\n<\/div>\n<\/div>\n","protected":false},"excerpt":{"rendered":"<div class=\"et_pb_module et_pb_text et_pb_text_3_tb_body et_pb_text_align_left et_pb_bg_layout_light\">\n<div class=\"et_pb_text_inner\">\n<p>Mit:<\/p>\n<\/div>\n<\/div>\n<div class=\"et_pb_module et_pb_text et_pb_text_4_tb_body et_pb_text_align_left et_pb_bg_layout_light\">\n<div class=\"et_pb_text_inner\">Schweizer alpines Edelwei\u00df \/ Meerespflanzenextrakten \/ Natriumhyaluronat \/ Natrium-PCA \/ Natrium-Carboxymethyl-Beta-Glucan \/ Tetranatrium-Tetracarboxymethyl-Naringeninchalcon<\/div>\n<\/div>\n<div class=\"et_pb_module et_pb_text et_pb_text_5_tb_body et_pb_text_align_left et_pb_bg_layout_dark\">\n<div class=\"et_pb_text_inner\">\n<h2>Vorteile des Produkts<\/h2>\n<\/div>\n<\/div>\n<div class=\"et_pb_module et_pb_text et_pb_text_6_tb_body et_pb_text_align_left et_pb_bg_layout_light\">\n<div class=\"et_pb_text_inner\">\n<p>100 % der Benutzer berichten von positiven Ergebnissen!<\/p>\n<ul>\n<li>Erh\u00f6ht den Feuchtigkeitsgehalt der Haut um bis zu 20 %<\/li>\n<li>Erh\u00f6ht die Hautelastizit\u00e4t um bis zu 34 %<\/li>\n<li>Erh\u00f6ht die Hautfestigkeit um bis zu 24 %<\/li>\n<li>Reduziert die Faltentiefe um bis zu 42 %<\/li>\n<li>Reduziert die Faltenbreite um bis zu 8 %<\/li>\n<\/ul>\n<p>ANTI-AGING \u2022 WIEDERHERSTELLUNG DER HAUT \u2022 FEUCHTIGKEITSSPENDENDE UND BERUHIGENDE WIRKUNG \u2022 MULTI-LIGHT-SCHUTZ \u2022 ANTIOXIDANT-ABGABE \u2022 KEIN BOTOX<\/p>\n<\/div>\n<\/div>\n","protected":false},"featured_media":14325,"comment_status":"open","ping_status":"closed","template":"","meta":{"_acf_changed":false},"product_brand":[],"product_cat":[116],"product_tag":[],"class_list":{"0":"post-13985","1":"product","2":"type-product","3":"status-publish","4":"has-post-thumbnail","6":"product_cat-antialterung","8":"first","9":"instock","10":"taxable","11":"shipping-taxable","12":"purchasable","13":"product-type-simple"},"acf":[],"_links":{"self":[{"href":"https:\/\/biouslabs.com\/de\/wp-json\/wp\/v2\/product\/13985","targetHints":{"allow":["GET"]}}],"collection":[{"href":"https:\/\/biouslabs.com\/de\/wp-json\/wp\/v2\/product"}],"about":[{"href":"https:\/\/biouslabs.com\/de\/wp-json\/wp\/v2\/types\/product"}],"replies":[{"embeddable":true,"href":"https:\/\/biouslabs.com\/de\/wp-json\/wp\/v2\/comments?post=13985"}],"wp:featuredmedia":[{"embeddable":true,"href":"https:\/\/biouslabs.com\/de\/wp-json\/wp\/v2\/media\/14325"}],"wp:attachment":[{"href":"https:\/\/biouslabs.com\/de\/wp-json\/wp\/v2\/media?parent=13985"}],"wp:term":[{"taxonomy":"product_brand","embeddable":true,"href":"https:\/\/biouslabs.com\/de\/wp-json\/wp\/v2\/product_brand?post=13985"},{"taxonomy":"product_cat","embeddable":true,"href":"https:\/\/biouslabs.com\/de\/wp-json\/wp\/v2\/product_cat?post=13985"},{"taxonomy":"product_tag","embeddable":true,"href":"https:\/\/biouslabs.com\/de\/wp-json\/wp\/v2\/product_tag?post=13985"}],"curies":[{"name":"wp","href":"https:\/\/api.w.org\/{rel}","templated":true}]}}