{"id":13986,"date":"2022-05-08T14:40:12","date_gmt":"2022-05-08T14:40:12","guid":{"rendered":"https:\/\/biouslabs.com\/produktas\/bious-anti-aging-face-serum-booster\/"},"modified":"2026-01-10T02:52:59","modified_gmt":"2026-01-10T00:52:59","slug":"anti-aging-gesichtsserum-booster","status":"publish","type":"product","link":"https:\/\/biouslabs.com\/de\/produktas\/anti-aging-gesichtsserum-booster\/","title":{"rendered":"Anti-Aging Gesichtsserum Booster"},"content":{"rendered":"<div class=\"et_pb_section et_pb_section_1_tb_body et_section_regular\">\n<div class=\"et_pb_row et_pb_row_2_tb_body et_pb_equal_columns\">\n<div class=\"et_pb_column et_pb_column_1_2 et_pb_column_3_tb_body et_pb_css_mix_blend_mode_passthrough et-last-child\">\n<div class=\"et_pb_module et_pb_text et_pb_text_6_tb_body et_pb_text_align_left et_pb_bg_layout_light\">\n<div class=\"et_pb_text_inner\">\n<p><span style=\"color: var(--rz-color-dark); font-size: 40px; font-family: var(--rz-font-family-primary);\">Produkteigenschaften<\/span><\/p>\n<div class=\"et_pb_module et_pb_text et_pb_text_1_tb_body et_pb_text_align_left et_pb_bg_layout_light\">\n<div class=\"et_pb_text_inner\">\n<p>Bious <span data-sheets-root=\"1\">Anti-Aging Gesichtsserum Booster<\/span>ist einzigartig in seiner Zusammensetzung. Hyalurons\u00e4ure, D-Panthenol und Natrium-PCA sorgen f\u00fcr einen starken Wasserspeichereffekt, der die Hautfeuchtigkeit erh\u00f6ht und ihre Elastizit\u00e4t steigert, w\u00e4hrend Schweizer alpines Edelwei\u00df und Meerespflanzenextrakte Antioxidantien liefern und das Auftreten von Zeichen der Hautalterung reduzieren.<\/p>\n<p>Bious Anti-Aging Face Serum Booster mit Schweizer alpines Edelwei\u00df (<em>Leontopodium alpinum<\/em>), Meerespflanzenextrakten (Hydrolyzed <em>Ulva Lactuca, Chondrus crispus<\/em>) und feuchtigkeitsspendenden Wirkstoffen hinterl\u00e4sst einen beruhigenden, feuchtigkeitsspendenden und antioxidativen Film auf der Haut.<\/p>\n<\/div>\n<\/div>\n<\/div>\n<\/div>\n<\/div>\n<\/div>\n<\/div>\n","protected":false},"excerpt":{"rendered":"<div class=\"et_pb_module et_pb_text et_pb_text_3_tb_body et_pb_text_align_left et_pb_bg_layout_light\">\n<div class=\"et_pb_text_inner\">\n<div class=\"et_pb_module et_pb_text et_pb_text_3_tb_body et_pb_text_align_left et_pb_bg_layout_light\">\n<div class=\"et_pb_text_inner\">\n<div class=\"et_pb_module et_pb_text et_pb_text_3_tb_body et_pb_text_align_left et_pb_bg_layout_light\">\n<div class=\"et_pb_text_inner\">\n<p>Mit:<\/p>\n<\/div>\n<\/div>\n<div class=\"et_pb_module et_pb_text et_pb_text_4_tb_body et_pb_text_align_left et_pb_bg_layout_light\">\n<div class=\"et_pb_text_inner\">Schweizer alpines Edelwei\u00df \/ Meerespflanzenextrakten \/ Natriumhyaluronat \/ Natrium-PCA \/ Natrium-Carboxymethyl-Beta-Glucan \/ Tetranatrium-Tetracarboxymethyl-Naringeninchalcon<\/div>\n<\/div>\n<div class=\"et_pb_module et_pb_text et_pb_text_5_tb_body et_pb_text_align_left et_pb_bg_layout_dark\">\n<div class=\"et_pb_text_inner\">\n<h2>Vorteile des Produkts<\/h2>\n<\/div>\n<\/div>\n<div class=\"et_pb_module et_pb_text et_pb_text_6_tb_body et_pb_text_align_left et_pb_bg_layout_light\">\n<div class=\"et_pb_text_inner\">\n<p>100 % der Benutzer berichten von positiven Ergebnissen!<\/p>\n<ul>\n<li>Erh\u00f6ht den Feuchtigkeitsgehalt der Haut um bis zu 6 %<\/li>\n<li>Erh\u00f6ht die Hautelastizit\u00e4t um bis zu 34 %<\/li>\n<li>Erh\u00f6ht die Hautfestigkeit um bis zu 42 %<\/li>\n<\/ul>\n<p>ANTI-AGING \u2022 WIEDERHERSTELLUNG DER HAUT \u2022 FEUCHTIGKEITSSPENDENDE KRAFT \u2022 ANTIOXIDANT-LIEFERUNG \u2022 ELASTIZIT\u00c4TS-BOOSTER<\/p>\n<\/div>\n<\/div>\n<\/div>\n<\/div>\n<\/div>\n<\/div>\n","protected":false},"featured_media":14330,"comment_status":"open","ping_status":"closed","template":"","meta":{"_acf_changed":false},"product_brand":[],"product_cat":[116],"product_tag":[],"class_list":{"0":"post-13986","1":"product","2":"type-product","3":"status-publish","4":"has-post-thumbnail","6":"product_cat-antialterung","8":"first","9":"instock","10":"taxable","11":"shipping-taxable","12":"purchasable","13":"product-type-simple"},"acf":[],"_links":{"self":[{"href":"https:\/\/biouslabs.com\/de\/wp-json\/wp\/v2\/product\/13986","targetHints":{"allow":["GET"]}}],"collection":[{"href":"https:\/\/biouslabs.com\/de\/wp-json\/wp\/v2\/product"}],"about":[{"href":"https:\/\/biouslabs.com\/de\/wp-json\/wp\/v2\/types\/product"}],"replies":[{"embeddable":true,"href":"https:\/\/biouslabs.com\/de\/wp-json\/wp\/v2\/comments?post=13986"}],"wp:featuredmedia":[{"embeddable":true,"href":"https:\/\/biouslabs.com\/de\/wp-json\/wp\/v2\/media\/14330"}],"wp:attachment":[{"href":"https:\/\/biouslabs.com\/de\/wp-json\/wp\/v2\/media?parent=13986"}],"wp:term":[{"taxonomy":"product_brand","embeddable":true,"href":"https:\/\/biouslabs.com\/de\/wp-json\/wp\/v2\/product_brand?post=13986"},{"taxonomy":"product_cat","embeddable":true,"href":"https:\/\/biouslabs.com\/de\/wp-json\/wp\/v2\/product_cat?post=13986"},{"taxonomy":"product_tag","embeddable":true,"href":"https:\/\/biouslabs.com\/de\/wp-json\/wp\/v2\/product_tag?post=13986"}],"curies":[{"name":"wp","href":"https:\/\/api.w.org\/{rel}","templated":true}]}}