{"id":14173,"date":"2022-08-23T14:31:23","date_gmt":"2022-08-23T11:31:23","guid":{"rendered":"https:\/\/biouslabs.com\/?post_type=product&#038;p=14173"},"modified":"2026-04-04T00:32:06","modified_gmt":"2026-04-03T21:32:06","slug":"augencreme-ultra-beruhigendes-gesichtselixier","status":"publish","type":"product","link":"https:\/\/biouslabs.com\/de\/produktas\/augencreme-ultra-beruhigendes-gesichtselixier\/","title":{"rendered":"Triple-Komplex Augencreme &#038; Ultra-Beruhigendes Gesichtselixier"},"content":{"rendered":"<p><span style=\"color: var(--rz-color-dark); font-size: 40px; font-family: var(--rz-font-family-primary);\">Produkteigenschaften<\/span><\/p>\n<div class=\"et_pb_module et_pb_text et_pb_text_1_tb_body et_pb_text_align_left et_pb_bg_layout_light\">\n<div class=\"et_pb_text_inner\">\n<p>Triple Complex Eye Cream<\/p>\n<p>Verhindert oder reduziert die Zeichen der Hautalterung mit einer einzigartigen Wirkstoffkombination. Die Multifunktionscreme enth\u00e4lt einen Komplex aus leistungsstarken feuchtigkeitsspendenden Substanzen, pflegenden \u00d6len und Pflanzenextrakten. Der Dreifachkomplex wurde entwickelt, um intensive Feuchtigkeit und n\u00e4hrende Kraft zu liefern, antioxidative Unterst\u00fctzung zu bieten und die Gewebereparatur zu beschleunigen.<\/p>\n<p>Die Kombination aus Natriumcarboxymethyl-Beta-Glucan, Natriumhyaluronat, Natrium-PCA, Xylit und seinen Derivaten sch\u00fctzt die Haut, indem sie ihre Barrierefunktion st\u00e4rkt und den Feuchtigkeitsgehalt wiederherstellt.<\/p>\n<p>Die Mischung aus Alpen-Gebirgsblumen-\/Blattextrakten (Arnica Montana\/Malva Sylvestris), Vitamin E und nat\u00fcrlichen \u00d6len (Borago officinalis, Jojoba, Traubenkern, Sonnenblume) spendet n\u00e4hrende Pflege und bietet starken antioxidativen Schutz, indem sie die Widerstandskraft der Haut gegen \u00e4u\u00dfere Stressfaktoren erh\u00f6ht.<\/p>\n<p>Der Komplex aus Extrakten aus dem Meer (Chondrus Crispus, Laminaria Ochroleuca, Sargassum Muticum und Himanthalia Elongata) und Extrakt aus Schweizer Alpen-Edelwei\u00df (Leontopodium alpinum) f\u00f6rdert die Hautregeneration, stimuliert und stellt nat\u00fcrliche physiologische Prozesse wieder her.<\/p>\n<p>Ultra Calming Face Elixir<\/p>\n<p><span style=\"color: var(--rz-text-color); font-family: var(--rz-font-family-primary);\">Ein intensiv beruhigendes und verj\u00fcngendes Gesichtselixier ist ein Komplex aus hochwertigsten Inhaltsstoffen, der es in seiner Wirksamkeit mit invasiven Gesichtshautbehandlungen aufnehmen kann. Die einzigartige Formel wurde mit sorgf\u00e4ltig ausgew\u00e4hlten fortschrittlichen Inhaltsstoffen entwickelt, die wissenschaftlich bewiesen sind, dass sie Stress \u00fcberwinden, die Hauterneuerung beschleunigen und die Zeichen der Hautalterung beseitigen.<\/span><\/p>\n<\/div>\n<p>Ein innovativer Inhaltsstoff, Tetrasodium Tetracarboxymethyl Naringeninchalcone, sch\u00fctzt und pflegt gestresste Haut effektiv, indem er der Haut einen hohen Anteil an Polyphenolen zuf\u00fchrt, um R\u00f6tungen und Irritationen auf zellul\u00e4rer Ebene zu bek\u00e4mpfen. W\u00e4hrend Sodium Carboxymethyl Beta-Glucan zusammen mit dem Extrakt des Schweizer Alpen-Edelweisses f\u00fcr die Geweberegeneration sorgt und die Selbstschutzkapazit\u00e4t der Haut erh\u00f6ht.<\/p>\n<p>Die Kombination aus Natriumhyaluronat, Natrium-PCA, Panthenol und Sorbit revitalisiert die Haut und stellt ihre Feuchtigkeitsbarriere wieder her. Gleichzeitig kontrolliert ein Meeresextrakt aus Sargassum Muticum \u00fcbersch\u00fcssigen Talg, bietet einen starken antioxidativen Schutz und eine porenverkleinernde Wirkung.<\/p>\n<p>Bious Elixir wurde entwickelt, um die Sch\u00f6nheit Ihrer Haut mit Leichtigkeit und Eleganz zu erhalten.<\/p>\n<\/div>\n","protected":false},"excerpt":{"rendered":"<div class=\"et_pb_module et_pb_text et_pb_text_3_tb_body et_pb_text_align_left et_pb_bg_layout_light\">\n<div class=\"et_pb_text_inner\">\n<p>Ein Set aus zwei exklusiven Bious-Produkten verj\u00fcngt die Haut unter den Augen, sorgt f\u00fcr ihren Schutz, reduziert Schwellungen, beruhigt und verj\u00fcngt gereizte Gesichtshaut.<\/p>\n<p>Dieses Set aus hochwirksamen Inhaltsstoffen hilft, den Zeichen der Hautalterung vorzubeugen.<\/p>\n<p>Volumen \u2013 15 + 30 ml. F\u00fcr alle Hauttypen geeignet.<\/p>\n<p>Mit:<\/p>\n<\/div>\n<\/div>\n<div class=\"et_pb_module et_pb_text et_pb_text_4_tb_body et_pb_text_align_left et_pb_bg_layout_light\">\n<div class=\"et_pb_text_inner\">Schweizer Alpen-Edelweiss \/ Meerespflanzenextrakte \/ Natriumhyaluronat \/ Natrium-PCA \/ Natrium-Carboxymethyl-<em>Beta<\/em>-Glucan \/ Tetranatrium-Tetracarboxymethyl-Naringeninchalcon<\/div>\n<div><\/div>\n<div><span style=\"color: var(--rz-color-dark); font-size: 40px; font-family: var(--rz-font-family-primary);\">Produkt Vorteile<\/span><\/div>\n<div><\/div>\n<\/div>\n<div><span style=\"color: var(--rz-text-color); font-family: var(--rz-font-family-primary);\">Triple Complex Eye Cream<\/span><\/div>\n<div><\/div>\n<div>\n<ul>\n<li>Pflegt die Haut und spendet intensive Feuchtigkeit<\/li>\n<li>High performance active ingredients deliver antioxidants and accelerate tissue repair<\/li>\n<li>Hilft, eine sch\u00fctzende Barrierefunktion aufrechtzuerhalten<\/li>\n<li>Frei von ethoxylierten Verbindungen, Parabenen, synthetischen Verdickungsmitteln, Farbstoffen, Duftstoffen und anderen reizenden Inhaltsstoffen<\/li>\n<li>F\u00fcr alle Hauttypen geeignet<\/li>\n<\/ul>\n<p>ANTI-AGING \u2022 HOCHLEISTUNGSSUBSTANZEN \u2022 FEUCHTIGKEITSSPENDENDE UND N\u00c4HRENDE KRAFT \u2022 GEWEBEREPARATUR \u2022 ANTIOXIDANT-LIEFERUNG \u2022 ZUVERL\u00c4SSIGE ZUSAMMENSETZUNG<\/p>\n<\/div>\n<div><span style=\"color: var(--rz-text-color); font-family: var(--rz-font-family-primary);\">Ultra Calming Face Elixir<\/span><\/div>\n<div><\/div>\n<div>\n<ul>\n<li>Verj\u00fcngt die Haut und stellt die Feuchtigkeitsbarriere der Haut wieder her<\/li>\n<li>Sch\u00fctzt und pflegt strapazierte Haut<\/li>\n<li>Beschleunigt die Regeneration der Haut und erh\u00f6ht die Selbstschutzkapazit\u00e4t der Haut<\/li>\n<li>Hilft, \u00fcbersch\u00fcssiges Talg zu kontrollieren und sorgt f\u00fcr einen porenverkleinernden Effekt<\/li>\n<li>Geeignet nach Invasionsverfahren (Mesotherapie)<\/li>\n<li>Frei von ethoxylierten Verbindungen, Parabenen, synthetischen Verdickungsmitteln, Farbstoffen, Duftstoffen und anderen reizenden Inhaltsstoffen<\/li>\n<li>F\u00fcr alle Hauttypen geeignet<\/li>\n<\/ul>\n<p>ANTI-AGING \u2022 ULTRA BERUHIGEND \u2022 HOCHLEISTUNGS- WIRKSTOFFE \u2022 REVITALISIERTE HAUT \u2022 GEWEBEREPARATUR \u2022 POLYPHENOLE UND ANTIOXIDANT-ABGABE \u2022 ALTERNATIVE ZU INJEKTIONEN \u2022 KEIN BOTOX \u2022 PREMIUM-QUALIT\u00c4T \u2022 ZUVERL\u00c4SSIGE ZUSAMMENSETZUNG<\/p>\n<\/div>\n","protected":false},"featured_media":15240,"comment_status":"open","ping_status":"closed","template":"","meta":{"_acf_changed":false},"product_brand":[],"product_cat":[116],"product_tag":[],"class_list":{"0":"post-14173","1":"product","2":"type-product","3":"status-publish","4":"has-post-thumbnail","6":"product_cat-antialterung","8":"first","9":"instock","10":"taxable","11":"shipping-taxable","12":"purchasable","13":"product-type-simple"},"acf":[],"_links":{"self":[{"href":"https:\/\/biouslabs.com\/de\/wp-json\/wp\/v2\/product\/14173","targetHints":{"allow":["GET"]}}],"collection":[{"href":"https:\/\/biouslabs.com\/de\/wp-json\/wp\/v2\/product"}],"about":[{"href":"https:\/\/biouslabs.com\/de\/wp-json\/wp\/v2\/types\/product"}],"replies":[{"embeddable":true,"href":"https:\/\/biouslabs.com\/de\/wp-json\/wp\/v2\/comments?post=14173"}],"wp:featuredmedia":[{"embeddable":true,"href":"https:\/\/biouslabs.com\/de\/wp-json\/wp\/v2\/media\/15240"}],"wp:attachment":[{"href":"https:\/\/biouslabs.com\/de\/wp-json\/wp\/v2\/media?parent=14173"}],"wp:term":[{"taxonomy":"product_brand","embeddable":true,"href":"https:\/\/biouslabs.com\/de\/wp-json\/wp\/v2\/product_brand?post=14173"},{"taxonomy":"product_cat","embeddable":true,"href":"https:\/\/biouslabs.com\/de\/wp-json\/wp\/v2\/product_cat?post=14173"},{"taxonomy":"product_tag","embeddable":true,"href":"https:\/\/biouslabs.com\/de\/wp-json\/wp\/v2\/product_tag?post=14173"}],"curies":[{"name":"wp","href":"https:\/\/api.w.org\/{rel}","templated":true}]}}