{"id":14176,"date":"2022-08-23T14:37:26","date_gmt":"2022-08-23T11:37:26","guid":{"rendered":"https:\/\/biouslabs.com\/?post_type=product&#038;p=14176"},"modified":"2026-03-28T13:46:07","modified_gmt":"2026-03-28T11:46:07","slug":"ausgleichender-gesichtstoner-sanfte-gesichtsreinigung","status":"publish","type":"product","link":"https:\/\/biouslabs.com\/de\/produktas\/ausgleichender-gesichtstoner-sanfte-gesichtsreinigung\/","title":{"rendered":"Sanft sch\u00e4umende Gesichtsreinigung + ausgleichendes und verj\u00fcngendes Gesichtswasser"},"content":{"rendered":"<p><span style=\"color: var(--rz-color-dark); font-size: 40px; font-family: var(--rz-font-family-primary);\">Produktmerkmale<\/span><\/p>\n<div class=\"et_pb_module et_pb_text et_pb_text_1_tb_body et_pb_text_align_left et_pb_bg_layout_light\">\n<div class=\"et_pb_text_inner\">\n<p>Ausgleichendes und verj\u00fcngendes Gesichtswasser<\/p>\n<p>Balancing and Rejuvenating Facial Toner ist ein wirksames Gesichtspflegeprodukt, das mit hochwertigen Berg- und Meerespflanzenextrakten und feuchtigkeitsspendenden Wirkstoffen angereichert ist und der Haut hilft, ausgeglichen und gesund zu bleiben.<\/p>\n<p>Ein Komplex aus Extrakten aus dem Meer (<em>Chondrus Crispus, Sargassum Muticum<\/em>) und Schweizer Alpen-Edelwei\u00df (<em>Leontopodium alpinum<\/em>) f\u00f6rdert die Hautregeneration, reduziert Irritationen und stellt die Abgabe von Antioxidantien sicher. Natriumcarboxymethyl-Beta-Glucan, Natriumhyaluronat und Natrium-PCA helfen der Haut, Feuchtigkeit zu speichern, ihren empfindlichen pH-Wert und ihre Schutzbarriere auszugleichen.<\/p>\n<\/div>\n<p>Sanft sch\u00e4umende Gesichtsreinigung<\/p>\n<p>Der Gentle Foaming Facial Cleanser ist einzigartig in seiner Zusammensetzung. Es ist eine Zusammensetzung aus \u00e4u\u00dferst milden Tensiden und Extrakten aus Berg- und Meerespflanzen, angereichert mit hautbefeuchtenden Komponenten: D-Panthenol, Glycerin, Natrium-PCA, Xylit und seinen Derivaten.<\/p>\n<p>Milde Tenside erzeugen feine, mousseartige Sch\u00e4ume und entfernen effektiv Unreinheiten und \u00fcbersch\u00fcssigen Talg. Ein Komplex aus bioaktiven Meeresextrakten (<em>Chondrus Crispus, Sargassum Muticum<\/em> Extracts) und hochreinen Extrakten aus der Schweizer Alpenblume Edelweiss (<em>Leontopodium alpinum<\/em>) und Malvenbl\u00fcte (<em>Malva Sylvestris<\/em>) f\u00f6rdert die Hautregeneration, reduziert Irritationen und reguliert die Talgabsonderung.<\/p>\n<\/div>\n","protected":false},"excerpt":{"rendered":"<div class=\"et_pb_module et_pb_text et_pb_text_3_tb_body et_pb_text_align_left et_pb_bg_layout_light\">\n<div class=\"et_pb_text_inner\">\n<p>Diese innovativen Produkte werden zusammen in einer Gesichtspflege-Routine verwendet, um Unreinheiten wirksam zu entfernen, den pH-Wert der Haut auszugleichen und Reizungen zu reduzieren.<\/p>\n<p>Volumen &#8211; 50 + 50 ml. F\u00fcr alle Hauttypen geeignet.<\/p>\n<p>Mit:<\/p>\n<\/div>\n<\/div>\n<div class=\"et_pb_module et_pb_text et_pb_text_4_tb_body et_pb_text_align_left et_pb_bg_layout_light\">\n<div class=\"et_pb_text_inner\">Schweizer Alpen-Edelweiss \/ Meerespflanzenextrakte \/ Natriumhyaluronat \/ Natrium-PCA \/ Natriumcarboxymethyl-<em>Beta<\/em>-Glucan<\/div>\n<div><\/div>\n<div>Schweizer Alpen-Edelweiss \/ Meerespflanzenextrakte \/ Tensid auf Aminos\u00e4urebasis \/ Sodium PCA<\/div>\n<\/div>\n<div class=\"et_pb_module et_pb_text et_pb_text_5_tb_body et_pb_text_align_left et_pb_bg_layout_dark\">\n<div class=\"et_pb_text_inner\">\n<h2>Produkt Vorteile<\/h2>\n<\/div>\n<\/div>\n<div class=\"et_pb_module et_pb_text et_pb_text_6_tb_body et_pb_text_align_left et_pb_bg_layout_light\">\n<div class=\"et_pb_text_inner\">\n<p>Ein ausgleichendes und verj\u00fcngendes Gesichtswasser:<\/p>\n<ul>\n<li>Sorgt f\u00fcr das Gleichgewicht der Hautschutzbarriere<\/li>\n<li>Revitalisiert, verj\u00fcngt die Haut und hilft, Feuchtigkeit zu speichern<\/li>\n<li>Leistungsstarke Wirkstoffe sorgen f\u00fcr Anti-Aging und beruhigende Kraft<\/li>\n<li>Frei von ethoxylierten Verbindungen, Parabenen, synthetischen Verdickungsmitteln, Farbstoffen, Duftstoffen und anderen reizenden Inhaltsstoffen<\/li>\n<li>F\u00fcr alle Hauttypen geeignet<\/li>\n<\/ul>\n<p>ANTI-AGING \u2022 AUSGEWOGENE HAUTBARRIERE \u2022 HOCHLEISTUNGS- WIRKSTOFFE \u2022 REVITALISIERTE HAUT \u2022 ZUVERL\u00c4SSIGE ZUSAMMENSETZUNG<\/p>\n<\/div>\n<p>&nbsp;<\/p>\n<p><strong>Sanft sch\u00e4umende Gesichtsreinigung<\/strong>:<\/p>\n<ul>\n<li>Sorgt f\u00fcr sehr feinporigen, mousseartigen Schaum und seidigen Gleiteffekt<\/li>\n<li>Entfernt Unreinheiten und \u00fcbersch\u00fcssigen Talg<\/li>\n<li>Reinigt die Haut, ohne ihren empfindlichen pH-Wert und ihre Schutzbarriere zu beeintr\u00e4chtigen<\/li>\n<li>Leistungsstarke Wirkstoffe sorgen f\u00fcr Anti-Aging und beruhigende Kraft<\/li>\n<li>Frei von scharfen Tensiden, ethoxylierten Verbindungen, Parabenen, synthetischen Verdickungsmitteln, Farbstoffen, Duftstoffen und anderen reizenden Inhaltsstoffen<\/li>\n<\/ul>\n<p>ANTI-AGING \u2022 MILDE TENSIDE \u2022 SANFTES SCH\u00c4UMEN \u2022 SLIP-EFFEKT \u2022 LEISTUNGSSTARKE WIRKSTOFFE \u2022 ZUVERL\u00c4SSIGE ZUSAMMENSETZUNG<\/p>\n<\/div>\n","protected":false},"featured_media":16287,"comment_status":"open","ping_status":"closed","template":"","meta":{"_acf_changed":false},"product_brand":[],"product_cat":[116],"product_tag":[],"class_list":{"0":"post-14176","1":"product","2":"type-product","3":"status-publish","4":"has-post-thumbnail","6":"product_cat-antialterung","8":"first","9":"instock","10":"taxable","11":"shipping-taxable","12":"purchasable","13":"product-type-simple"},"acf":[],"_links":{"self":[{"href":"https:\/\/biouslabs.com\/de\/wp-json\/wp\/v2\/product\/14176","targetHints":{"allow":["GET"]}}],"collection":[{"href":"https:\/\/biouslabs.com\/de\/wp-json\/wp\/v2\/product"}],"about":[{"href":"https:\/\/biouslabs.com\/de\/wp-json\/wp\/v2\/types\/product"}],"replies":[{"embeddable":true,"href":"https:\/\/biouslabs.com\/de\/wp-json\/wp\/v2\/comments?post=14176"}],"wp:featuredmedia":[{"embeddable":true,"href":"https:\/\/biouslabs.com\/de\/wp-json\/wp\/v2\/media\/16287"}],"wp:attachment":[{"href":"https:\/\/biouslabs.com\/de\/wp-json\/wp\/v2\/media?parent=14176"}],"wp:term":[{"taxonomy":"product_brand","embeddable":true,"href":"https:\/\/biouslabs.com\/de\/wp-json\/wp\/v2\/product_brand?post=14176"},{"taxonomy":"product_cat","embeddable":true,"href":"https:\/\/biouslabs.com\/de\/wp-json\/wp\/v2\/product_cat?post=14176"},{"taxonomy":"product_tag","embeddable":true,"href":"https:\/\/biouslabs.com\/de\/wp-json\/wp\/v2\/product_tag?post=14176"}],"curies":[{"name":"wp","href":"https:\/\/api.w.org\/{rel}","templated":true}]}}