{"id":14310,"date":"2022-05-08T14:46:13","date_gmt":"2022-05-08T11:46:13","guid":{"rendered":"https:\/\/biouslabs.com\/produktas\/bious-anti-aging-ultra-calming-face-elixir\/"},"modified":"2026-02-23T12:06:46","modified_gmt":"2026-02-23T10:06:46","slug":"anti-aging-ultra-beruhigendes-gesichtselixier","status":"publish","type":"product","link":"https:\/\/biouslabs.com\/de\/produktas\/anti-aging-ultra-beruhigendes-gesichtselixier\/","title":{"rendered":"Anti-Aging Ultra-Beruhigendes Gesichtselixier"},"content":{"rendered":"<p><span style=\"color: var(--rz-color-dark); font-size: 40px; font-family: var(--rz-font-family-primary);\">Produkteigenschaften<\/span><\/p>\n<div class=\"et_pb_module et_pb_text et_pb_text_1_tb_body et_pb_text_align_left et_pb_bg_layout_light\">\n<div class=\"et_pb_text_inner\">\n<p>Anti-Aging Ultra-Beruhigendes Gesichtselixierr ist ein Komplex aus hochwertigsten Inhaltsstoffen, der es mit der Wirksamkeit invasiver Gesichtsbehandlungen aufnehmen kann. Die einzigartige Formel wurde mit sorgf\u00e4ltig ausgew\u00e4hlten fortschrittlichen Inhaltsstoffen entwickelt, die wissenschaftlich bewiesen sind, dass sie Stress \u00fcberwinden, die Hauterneuerung beschleunigen und die Zeichen der Hautalterung beseitigen.<\/p>\n<p>Ein innovativer Inhaltsstoff, Tetrasodium Tetracarboxymethyl Naringeninchalcone, sch\u00fctzt und pflegt gestresste Haut effektiv, indem er der Haut einen hohen Anteil an Polyphenolen zuf\u00fchrt, um R\u00f6tungen und Irritationen auf zellul\u00e4rer Ebene zu bek\u00e4mpfen. W\u00e4hrend Sodium Carboxymethyl Beta-Glucan zusammen mit dem Extrakt des Schweizer Alpen-Edelweisses f\u00fcr die Geweberegeneration sorgt und die Selbstschutzkapazit\u00e4t der Haut erh\u00f6ht.<\/p>\n<p>Die Kombination aus Natriumhyaluronat, Natrium-PCA, Panthenol und Sorbit revitalisiert die Haut und stellt ihre Feuchtigkeitsbarriere wieder her. Gleichzeitig kontrolliert ein Meeresextrakt aus Sargassum Muticum \u00fcbersch\u00fcssigen Talg, bietet einen starken antioxidativen Schutz und eine porenverkleinernde Wirkung.<\/p>\n<p>Bious Elixir wurde entwickelt, um die Sch\u00f6nheit Ihrer Haut mit Leichtigkeit und Eleganz zu erhalten.<\/p>\n<\/div>\n<\/div>\n","protected":false},"excerpt":{"rendered":"<div class=\"et_pb_module et_pb_text et_pb_text_3_tb_body et_pb_text_align_left et_pb_bg_layout_light\">\n<div class=\"et_pb_text_inner\">\n<p>Sie wirkt intensiv beruhigend, erfrischend und verj\u00fcngend auf den Teint, liefert Antioxidantien, stellt den Feuchtigkeitshaushalt wieder her, kontrolliert die Talgproduktion und wirkt porenverengend.<\/p>\n<p>Kann gleichwertig mit invasiven Gesichtsbehandlungen sein.<\/p>\n<p>Volumen &#8211; 30 ml. F\u00fcr alle Hauttypen geeignet.<\/p>\n<p>Mit:<\/p>\n<\/div>\n<\/div>\n<div class=\"et_pb_module et_pb_text et_pb_text_4_tb_body et_pb_text_align_left et_pb_bg_layout_light\">\n<div class=\"et_pb_text_inner\">\n<p>Schweizer Alpen-Edelweiss \/ Meerespflanzenextrakte \/ Natriumhyaluronat \/ Natrium-PCA \/ Natrium-Carboxymethyl-<em>Beta<\/em>-Glucan \/ Tetranatrium-Tetracarboxymethyl-Naringeninchalcon<\/p>\n<\/div>\n<\/div>\n<div class=\"et_pb_module et_pb_text et_pb_text_5_tb_body et_pb_text_align_left et_pb_bg_layout_dark\">\n<div class=\"et_pb_text_inner\">\n<h2>Produkt Vorteile<\/h2>\n<ul>\n<li>Verj\u00fcngt die Haut und stellt die Feuchtigkeitsbarriere der Haut wieder her<\/li>\n<li>Sch\u00fctzt und pflegt strapazierte Haut<\/li>\n<li>Beschleunigt die Regeneration der Haut und erh\u00f6ht die Selbstschutzkapazit\u00e4t der Haut<\/li>\n<li>Hilft, \u00fcbersch\u00fcssiges Talg zu kontrollieren und sorgt f\u00fcr einen porenverkleinernden Effekt<\/li>\n<li>Geeignet nach Invasionsverfahren (Mesotherapie)<\/li>\n<li>Frei von ethoxylierten Verbindungen, Parabenen, synthetischen Verdickungsmitteln, Farbstoffen, Duftstoffen und anderen reizenden Inhaltsstoffen<\/li>\n<li>F\u00fcr alle Hauttypen geeignet<\/li>\n<\/ul>\n<p>ANTI-AGING \u2022 ULTRA BERUHIGEND \u2022 HOCHLEISTUNGS- WIRKSTOFFE \u2022 REVITALISIERTE HAUT \u2022 GEWEBEREPARATUR \u2022 POLYPHENOLE UND ANTIOXIDANT-ABGABE \u2022 ALTERNATIVE ZU INJEKTIONEN \u2022 KEIN BOTOX \u2022 PREMIUM-QUALIT\u00c4T \u2022 ZUVERL\u00c4SSIGE ZUSAMMENSETZUNG<\/p>\n<\/div>\n<\/div>\n","protected":false},"featured_media":14377,"comment_status":"open","ping_status":"closed","template":"","meta":{"_acf_changed":false},"product_brand":[],"product_cat":[116],"product_tag":[],"class_list":{"0":"post-14310","1":"product","2":"type-product","3":"status-publish","4":"has-post-thumbnail","6":"product_cat-antialterung","8":"first","9":"instock","10":"taxable","11":"shipping-taxable","12":"purchasable","13":"product-type-simple"},"acf":[],"_links":{"self":[{"href":"https:\/\/biouslabs.com\/de\/wp-json\/wp\/v2\/product\/14310","targetHints":{"allow":["GET"]}}],"collection":[{"href":"https:\/\/biouslabs.com\/de\/wp-json\/wp\/v2\/product"}],"about":[{"href":"https:\/\/biouslabs.com\/de\/wp-json\/wp\/v2\/types\/product"}],"replies":[{"embeddable":true,"href":"https:\/\/biouslabs.com\/de\/wp-json\/wp\/v2\/comments?post=14310"}],"wp:featuredmedia":[{"embeddable":true,"href":"https:\/\/biouslabs.com\/de\/wp-json\/wp\/v2\/media\/14377"}],"wp:attachment":[{"href":"https:\/\/biouslabs.com\/de\/wp-json\/wp\/v2\/media?parent=14310"}],"wp:term":[{"taxonomy":"product_brand","embeddable":true,"href":"https:\/\/biouslabs.com\/de\/wp-json\/wp\/v2\/product_brand?post=14310"},{"taxonomy":"product_cat","embeddable":true,"href":"https:\/\/biouslabs.com\/de\/wp-json\/wp\/v2\/product_cat?post=14310"},{"taxonomy":"product_tag","embeddable":true,"href":"https:\/\/biouslabs.com\/de\/wp-json\/wp\/v2\/product_tag?post=14310"}],"curies":[{"name":"wp","href":"https:\/\/api.w.org\/{rel}","templated":true}]}}