{"id":15330,"date":"2023-09-19T15:02:22","date_gmt":"2023-09-19T12:02:22","guid":{"rendered":"https:\/\/biouslabs.com\/produktas\/bious-acne-control-multikomponenten-gesichtsserum\/"},"modified":"2026-03-21T08:05:59","modified_gmt":"2026-03-21T06:05:59","slug":"akne-bekampfungs-mehrkomponenten-serum","status":"publish","type":"product","link":"https:\/\/biouslabs.com\/de\/produktas\/akne-bekampfungs-mehrkomponenten-serum\/","title":{"rendered":"Bious Acne-Control Multikomponenten-Gesichtsserum"},"content":{"rendered":"<p><span style=\"color: var(--rz-color-dark); font-size: 40px; font-family: var(--rz-font-family-primary);\">Produktmerkmale<\/span><\/p>\n<div class=\"et_pb_module et_pb_text et_pb_text_1_tb_body et_pb_text_align_left et_pb_bg_layout_light\">\n<div class=\"et_pb_text_inner\">\n<p>Das Bious Acne-Control Serum wurde entwickelt, um die Akne zu bek\u00e4mpfen und die allgemeine Gesundheit der Haut zu verbessern. Das Serum besteht aus hochwertigen Inhaltsstoffen, die f\u00fcr ihre Wirksamkeit bei der Behandlung von Akne und der F\u00f6rderung der Hautregeneration bekannt sind. Tai itin auk\u0161tos kokyb\u0117s ir didelio efektyvumo med\u017eiag\u0173 mi\u0161inys.<\/p>\n<p>Die in der Komposition enthaltenen Wirkstoffe aus Berg- und Meeresextrakten (Leontopodium Alpinum Flower\/Leaf, Ascophyllum Nodosum, Hydrolyzed Ulva Lactuca Chondrus Crispus) f\u00f6rdern die Regeneration des Gewebes und die Aufhellung der Haut, regulieren die Talgproduktion und erh\u00f6hen die Widerstandskraft der Haut gegen\u00fcber \u00e4u\u00dferen Einfl\u00fcssen. Der feuchtigkeitsspendende Komplex aus D-Panthenol, Natrium-PCA und Natriumhyaluronat spendet der Haut Feuchtigkeit. Es wird per Spray aufgetragen, um zu Akne neigende Haut vor Reizungen und mikrobieller Kontamination zu sch\u00fctzen. Der feuchtigkeitsspendende Komplex aus D-Panthenol, Natrium-PCA und Natriumhyaluronat spendet der Haut Feuchtigkeit.<\/p>\n<\/div>\n<\/div>\n","protected":false},"excerpt":{"rendered":"<p>Volumen 50 ml. Akne-Kontrolllinie<\/p>\n<p><strong>Mit:<\/strong><\/p>\n<p>Schweizer Alpenedelwei\u00df \/ Meerespflanzenextrakte \/ Natriumhyaluronat \/ Natrium PCA \/ Natrium Carboxymethyl <em>Beta-Glucan<\/em><\/p>\n<h2>Produktvorteile<\/h2>\n<ul>\n<li>Hochwirksame Wirkstoffe bek\u00e4mpfen Akne und beruhigen die Haut<\/li>\n<li>Sorgt f\u00fcr das Gleichgewicht der Hautschutzbarriere<\/li>\n<li>Revitalisiert die Haut und hilft, Feuchtigkeit zu bewahren<\/li>\n<li>Frei von ethoxylierten Verbindungen, Parabenen, synthetischen Verdickungsmitteln, Farbstoffen, Duftstoffen, Silikonen, Ethylalkohol und anderen reizenden Inhaltsstoffen<\/li>\n<\/ul>\n<p>AKNE-KONTROLLE &#8211; AUSGEWOGENE HAUTBARRIERE &#8211; LEISTUNGSSTARKE WIRKSTOFFE &#8211; HOCHWERTIGE QUALIT\u00c4T &#8211; ZUVERL\u00c4SSIGE ZUSAMMENSETZUNG<\/p>\n","protected":false},"featured_media":15216,"comment_status":"open","ping_status":"closed","template":"","meta":{"_acf_changed":false},"product_brand":[],"product_cat":[127],"product_tag":[],"class_list":{"0":"post-15330","1":"product","2":"type-product","3":"status-publish","4":"has-post-thumbnail","6":"product_cat-akne-kontrolle","8":"first","9":"instock","10":"taxable","11":"shipping-taxable","12":"purchasable","13":"product-type-simple"},"acf":[],"_links":{"self":[{"href":"https:\/\/biouslabs.com\/de\/wp-json\/wp\/v2\/product\/15330","targetHints":{"allow":["GET"]}}],"collection":[{"href":"https:\/\/biouslabs.com\/de\/wp-json\/wp\/v2\/product"}],"about":[{"href":"https:\/\/biouslabs.com\/de\/wp-json\/wp\/v2\/types\/product"}],"replies":[{"embeddable":true,"href":"https:\/\/biouslabs.com\/de\/wp-json\/wp\/v2\/comments?post=15330"}],"wp:featuredmedia":[{"embeddable":true,"href":"https:\/\/biouslabs.com\/de\/wp-json\/wp\/v2\/media\/15216"}],"wp:attachment":[{"href":"https:\/\/biouslabs.com\/de\/wp-json\/wp\/v2\/media?parent=15330"}],"wp:term":[{"taxonomy":"product_brand","embeddable":true,"href":"https:\/\/biouslabs.com\/de\/wp-json\/wp\/v2\/product_brand?post=15330"},{"taxonomy":"product_cat","embeddable":true,"href":"https:\/\/biouslabs.com\/de\/wp-json\/wp\/v2\/product_cat?post=15330"},{"taxonomy":"product_tag","embeddable":true,"href":"https:\/\/biouslabs.com\/de\/wp-json\/wp\/v2\/product_tag?post=15330"}],"curies":[{"name":"wp","href":"https:\/\/api.w.org\/{rel}","templated":true}]}}