{"id":15334,"date":"2023-10-03T13:54:15","date_gmt":"2023-10-03T10:54:15","guid":{"rendered":"https:\/\/biouslabs.com\/produktas\/bious-nourish-control-polyphenol-infusion-gesichtselixier\/"},"modified":"2026-02-22T19:50:38","modified_gmt":"2026-02-22T17:50:38","slug":"polyphenol-infusion-gesichtselixier","status":"publish","type":"product","link":"https:\/\/biouslabs.com\/de\/produktas\/polyphenol-infusion-gesichtselixier\/","title":{"rendered":"Bious Nourish-Control Polyphenol Infusion Gesichtselixier"},"content":{"rendered":"<p><span style=\"color: var(--rz-color-dark); font-size: 40px; font-family: var(--rz-font-family-primary);\">Produktmerkmale<\/span><\/p>\n<div class=\"et_pb_module et_pb_text et_pb_text_1_tb_body et_pb_text_align_left et_pb_bg_layout_light\">\n<div class=\"et_pb_text_inner\">\n<p>Das Bious Elixir ist ein hochwirksames kosmetisches Produkt, das mit einer leistungsstarken Mischung aus Polyphenolen und feuchtigkeitsspendenden Wirkstoffen angereichert ist. Dieses Elixier enth\u00e4lt CM-Naringenin-Chalcon, ein Derivat des Polyphenols Naringenin-Chalcon, das zahlreiche Vorteile f\u00fcr die Haut hat. Dieser Inhaltsstoff reduziert R\u00f6tungen bei empfindlicher Haut, sch\u00fctzt und beruhigt gestresste Haut und reguliert entz\u00fcndungsf\u00f6rdernde Botenstoffe.<\/p>\n<p>Das Elixier enth\u00e4lt au\u00dferdem Natriumcarboxymethyl-Beta-Glucan, das die Regeneration der Haut beschleunigt und die Hautlipide vor UV-Sch\u00e4den sch\u00fctzt. In Kombination mit Natriumhyaluronat bietet es einen starken Schutz vor Austrocknung. Zus\u00e4tzlich enth\u00e4lt das Elixier Pink Nectar\u2122, das aus der Calluna vulgaris-Bl\u00fcte und ihrem Nektar gewonnen wird, sowie Pearl Alga\u2122.<\/p>\n<p>Diese beiden Inhaltsstoffe sind reich an Polyphenolen, die f\u00fcr die Haut sehr vorteilhaft sind. Pink Nectar\u2122 zielt darauf ab, ein gesundes Aussehen der Haut wiederherzustellen, ihre nat\u00fcrlichen antioxidativen Abwehrkr\u00e4fte zu st\u00e4rken und ihr sofortige und lang anhaltende Feuchtigkeit zu spenden. Pearl Alga\u2122 hat eine ultra-beruhigende Wirkung und sch\u00fctzt die Haut vor oxidativen Sch\u00e4den.<\/p>\n<\/div>\n<\/div>\n","protected":false},"excerpt":{"rendered":"<div class=\"et_pb_module et_pb_text et_pb_text_3_tb_body et_pb_text_align_left et_pb_bg_layout_light\">\n<div class=\"et_pb_text_inner\">\n<p>Volumen &#8211; 30 ml. Kontrolllinie ern\u00e4hren.<\/p>\n<p><strong>Mit:<\/strong><\/p>\n<\/div>\n<\/div>\n<div class=\"et_pb_module et_pb_text et_pb_text_4_tb_body et_pb_text_align_left et_pb_bg_layout_light\">\n<div class=\"et_pb_text_inner\">\n<p>Schweizer Alpenedelweiss \/ Calluna Vulgaris Nektar \/ Meerespflanzenextrakte \/ Natriumhyaluronat \/ Tetrasodium Tetracarboxymethyl Naringeninchalcone \/ Natrium Carboxymethyl Beta-Glucan<\/p>\n<\/div>\n<\/div>\n<div class=\"et_pb_module et_pb_text et_pb_text_5_tb_body et_pb_text_align_left et_pb_bg_layout_dark\">\n<div class=\"et_pb_text_inner\">\n<h2>Produktvorteile<\/h2>\n<\/div>\n<\/div>\n<div class=\"et_pb_module et_pb_text et_pb_text_6_tb_body et_pb_text_align_left et_pb_bg_layout_light\">\n<div class=\"et_pb_text_inner\">\n<ul>\n<li>Hochwertige Wirkstoffe reduzieren R\u00f6tungen, bieten einen starken Schutz vor Austrocknung, sch\u00fctzen und beruhigen die gestresste Haut<\/li>\n<li>Beschleunigt die Regeneration der Haut und erh\u00f6ht die Selbstschutzf\u00e4higkeit der Haut<\/li>\n<li>Frei von ethoxylierten Verbindungen, Parabenen, synthetischen Verdickungsmitteln, Farbstoffen, Duftstoffen, Silikonen und anderen reizenden Inhaltsstoffen<\/li>\n<\/ul>\n<p>N\u00c4HRSTOFFKONTROLLE &#8211; POLYPHENOLEFFEKT &#8211; WEICHHEIT &#8211; GESCHMEIDIGKEIT &#8211; HOCHWERTIGE QUALIT\u00c4T &#8211; ZUVERL\u00c4SSIGE ZUSAMMENSETZUNG<\/p>\n<\/div>\n<\/div>\n","protected":false},"featured_media":15204,"comment_status":"open","ping_status":"closed","template":"","meta":{"_acf_changed":false},"product_brand":[],"product_cat":[125],"product_tag":[],"class_list":{"0":"post-15334","1":"product","2":"type-product","3":"status-publish","4":"has-post-thumbnail","6":"product_cat-nahrkontrolle","8":"first","9":"instock","10":"taxable","11":"shipping-taxable","12":"purchasable","13":"product-type-simple"},"acf":[],"_links":{"self":[{"href":"https:\/\/biouslabs.com\/de\/wp-json\/wp\/v2\/product\/15334","targetHints":{"allow":["GET"]}}],"collection":[{"href":"https:\/\/biouslabs.com\/de\/wp-json\/wp\/v2\/product"}],"about":[{"href":"https:\/\/biouslabs.com\/de\/wp-json\/wp\/v2\/types\/product"}],"replies":[{"embeddable":true,"href":"https:\/\/biouslabs.com\/de\/wp-json\/wp\/v2\/comments?post=15334"}],"wp:featuredmedia":[{"embeddable":true,"href":"https:\/\/biouslabs.com\/de\/wp-json\/wp\/v2\/media\/15204"}],"wp:attachment":[{"href":"https:\/\/biouslabs.com\/de\/wp-json\/wp\/v2\/media?parent=15334"}],"wp:term":[{"taxonomy":"product_brand","embeddable":true,"href":"https:\/\/biouslabs.com\/de\/wp-json\/wp\/v2\/product_brand?post=15334"},{"taxonomy":"product_cat","embeddable":true,"href":"https:\/\/biouslabs.com\/de\/wp-json\/wp\/v2\/product_cat?post=15334"},{"taxonomy":"product_tag","embeddable":true,"href":"https:\/\/biouslabs.com\/de\/wp-json\/wp\/v2\/product_tag?post=15334"}],"curies":[{"name":"wp","href":"https:\/\/api.w.org\/{rel}","templated":true}]}}