{"id":15335,"date":"2023-10-03T13:03:13","date_gmt":"2023-10-03T10:03:13","guid":{"rendered":"https:\/\/biouslabs.com\/produktas\/nourish-control-ultra-beruhigendes-gesichtsoel-serum\/"},"modified":"2026-02-19T22:03:17","modified_gmt":"2026-02-19T20:03:17","slug":"ultra-beruhigendes-gesichts-ol-serum","status":"publish","type":"product","link":"https:\/\/biouslabs.com\/de\/produktas\/ultra-beruhigendes-gesichts-ol-serum\/","title":{"rendered":"Nourish-Control Ultra Beruhigendes Gesichts\u00f6l-Serum"},"content":{"rendered":"<p><span style=\"color: var(--rz-color-dark); font-size: 40px; font-family: var(--rz-font-family-primary);\">Produktmerkmale<\/span><\/p>\n<div class=\"et_pb_module et_pb_text et_pb_text_1_tb_body et_pb_text_align_left et_pb_bg_layout_light\">\n<div class=\"et_pb_text_inner\">\n<p>Das Serum auf \u00d6lbasis von Bious besteht aus einer Kombination hochwertiger und v\u00f6llig nat\u00fcrlicher pflanzlicher \u00d6le. Es ist angereichert mit Extrakten aus Himanthalia Elongata, Laminaria Ochroleuca und Magnolia Grandiflora Rinde.<\/p>\n<p>Dieses Serum versorgt die Haut effektiv mit Antioxidantien, Fetts\u00e4uren und Mineralien und tr\u00e4gt so zu einem gesunden und strahlenden Teint bei.<\/p>\n<\/div>\n<\/div>\n","protected":false},"excerpt":{"rendered":"<div class=\"et_pb_module et_pb_text et_pb_text_3_tb_body et_pb_text_align_left et_pb_bg_layout_light\">\n<div class=\"et_pb_text_inner\">\n<p>Volumen &#8211; 30 ml. Kontrolllinie ern\u00e4hren.<\/p>\n<p><strong>Mit:<\/strong><\/p>\n<\/div>\n<\/div>\n<div class=\"et_pb_module et_pb_text et_pb_text_4_tb_body et_pb_text_align_left et_pb_bg_layout_light\">\n<div class=\"et_pb_text_inner\">\n<p>Magnolienextrakt \/ Meerespflanzenextrakte \/ Botanische \u00d6le \/ Vitamin E<\/p>\n<\/div>\n<\/div>\n<div class=\"et_pb_module et_pb_text et_pb_text_5_tb_body et_pb_text_align_left et_pb_bg_layout_dark\">\n<div class=\"et_pb_text_inner\">\n<h2>Produktvorteile<\/h2>\n<\/div>\n<\/div>\n<div class=\"et_pb_module et_pb_text et_pb_text_6_tb_body et_pb_text_align_left et_pb_bg_layout_light\">\n<div class=\"et_pb_text_inner\">\n<ul>\n<li>Aktive Komponenten aus hochwertigen Magnolien- und Meerespflanzenextrakten beruhigen die Haut<\/li>\n<li>Nat\u00fcrliche \u00d6le sch\u00fctzen die Hautbarriere, indem sie eine Schicht bilden, die hilft, die Feuchtigkeit zu speichern.<\/li>\n<li>Es macht die Haut weich und geschmeidig, verbessert das Hautbild<\/li>\n<li>Frei von ethoxylierten Verbindungen, Parabenen, synthetischen Verdickungsmitteln, Farbstoffen, Duftstoffen, Silikonen und anderen reizenden Inhaltsstoffen<\/li>\n<\/ul>\n<p>N\u00c4HRSTOFFKONTROLLE &#8211; WEICHHEIT &#8211; GESCHMEIDIGKEIT &#8211; HOCHWERTIGE QUALIT\u00c4T &#8211; ZUVERL\u00c4SSIGE ZUSAMMENSETZUNG<\/p>\n<\/div>\n<\/div>\n","protected":false},"featured_media":15207,"comment_status":"open","ping_status":"closed","template":"","meta":{"_acf_changed":false},"product_brand":[],"product_cat":[125],"product_tag":[],"class_list":{"0":"post-15335","1":"product","2":"type-product","3":"status-publish","4":"has-post-thumbnail","6":"product_cat-nahrkontrolle","8":"first","9":"instock","10":"taxable","11":"shipping-taxable","12":"purchasable","13":"product-type-simple"},"acf":[],"_links":{"self":[{"href":"https:\/\/biouslabs.com\/de\/wp-json\/wp\/v2\/product\/15335","targetHints":{"allow":["GET"]}}],"collection":[{"href":"https:\/\/biouslabs.com\/de\/wp-json\/wp\/v2\/product"}],"about":[{"href":"https:\/\/biouslabs.com\/de\/wp-json\/wp\/v2\/types\/product"}],"replies":[{"embeddable":true,"href":"https:\/\/biouslabs.com\/de\/wp-json\/wp\/v2\/comments?post=15335"}],"wp:featuredmedia":[{"embeddable":true,"href":"https:\/\/biouslabs.com\/de\/wp-json\/wp\/v2\/media\/15207"}],"wp:attachment":[{"href":"https:\/\/biouslabs.com\/de\/wp-json\/wp\/v2\/media?parent=15335"}],"wp:term":[{"taxonomy":"product_brand","embeddable":true,"href":"https:\/\/biouslabs.com\/de\/wp-json\/wp\/v2\/product_brand?post=15335"},{"taxonomy":"product_cat","embeddable":true,"href":"https:\/\/biouslabs.com\/de\/wp-json\/wp\/v2\/product_cat?post=15335"},{"taxonomy":"product_tag","embeddable":true,"href":"https:\/\/biouslabs.com\/de\/wp-json\/wp\/v2\/product_tag?post=15335"}],"curies":[{"name":"wp","href":"https:\/\/api.w.org\/{rel}","templated":true}]}}