{"id":15336,"date":"2023-10-03T14:30:14","date_gmt":"2023-10-03T11:30:14","guid":{"rendered":"https:\/\/biouslabs.com\/produktas\/gesichtselixier-und-gesichtscreme-set\/"},"modified":"2026-02-20T02:04:04","modified_gmt":"2026-02-20T00:04:04","slug":"gesichts-elixier-und-creme-set","status":"publish","type":"product","link":"https:\/\/biouslabs.com\/de\/produktas\/gesichts-elixier-und-creme-set\/","title":{"rendered":"Gesichtselixier und Gesichtscreme-Set"},"content":{"rendered":"<p><span style=\"color: var(--rz-color-dark); font-size: 40px; font-family: var(--rz-font-family-primary);\">Produktmerkmale<\/span><\/p>\n<div class=\"et_pb_module et_pb_text et_pb_text_1_tb_body et_pb_text_align_left et_pb_bg_layout_light\">\n<div class=\"et_pb_text_inner\">\n<p>Polyphenol-Infusion Gesichtselixier \/ 01<\/p>\n<p>Das Bious Elixir ist ein hochwirksames kosmetisches Produkt, das mit einer leistungsstarken Mischung aus Polyphenolen und feuchtigkeitsspendenden Wirkstoffen angereichert ist. Dieses Elixier enth\u00e4lt CM-Naringenin-Chalcon, ein Derivat des Polyphenols Naringenin-Chalcon, das zahlreiche Vorteile f\u00fcr die Haut hat. Dieser Inhaltsstoff reduziert R\u00f6tungen bei empfindlicher Haut, sch\u00fctzt und beruhigt gestresste Haut und reguliert entz\u00fcndungsf\u00f6rdernde Botenstoffe.<\/p>\n<p>Das Elixier enth\u00e4lt au\u00dferdem Natriumcarboxymethyl-Beta-Glucan, das die Regeneration der Haut beschleunigt und die Hautlipide vor UV-Sch\u00e4den sch\u00fctzt. In Kombination mit Natriumhyaluronat bietet es einen starken Schutz vor Austrocknung. Zus\u00e4tzlich enth\u00e4lt das Elixier Pink Nectar\u2122, das aus der Calluna vulgaris-Bl\u00fcte und ihrem Nektar gewonnen wird, sowie Pearl Alga\u2122.<\/p>\n<p>Diese beiden Inhaltsstoffe sind reich an Polyphenolen, die f\u00fcr die Haut sehr vorteilhaft sind. Pink Nectar\u2122 zielt darauf ab, ein gesundes Aussehen der Haut wiederherzustellen, ihre nat\u00fcrlichen antioxidativen Abwehrkr\u00e4fte zu st\u00e4rken und ihr sofortige und lang anhaltende Feuchtigkeit zu spenden. Pearl Alga\u2122 hat eine ultra-beruhigende Wirkung und sch\u00fctzt die Haut vor oxidativen Sch\u00e4den.<\/p>\n<p>Ultra Softening Gesichtscreme \/ 02<\/p>\n<p>Diese ultra-weichmachende Gesichtscreme ist reich an beruhigenden und feuchtigkeitsspendenden Inhaltsstoffen, die die Haut revitalisieren und ihr die Feuchtigkeitsbalance und ein gesundes Strahlen zur\u00fcckgeben. Der Hauptbestandteil der Creme, verkapseltes Resveratrol, kann mehrere Signalwege regulieren, die mit der Jugendlichkeit der Haut in Verbindung stehen. Natrium-Carboxymethyl-Beta-Glucan und Schweizer Alpen-Edelwei\u00df-Extrakt tragen zur Regeneration des Gewebes bei und st\u00e4rken die Selbstschutzf\u00e4higkeit der Haut.<\/p>\n<p>Dar\u00fcber hinaus tr\u00e4gt Ascophyllum Nodosum, auch Fucowhite genannt, zu den hautaufhellenden Eigenschaften des Produkts bei und hilft, den Hautton auszugleichen. Insgesamt enth\u00e4lt dieses Produkt einen innovativen Inhaltsstoff, Tetranatriumtetracarboxymethylnaringeninchalcone, der gestresste Haut wirksam sch\u00fctzt und beruhigt.<\/p>\n<\/div>\n<\/div>\n","protected":false},"excerpt":{"rendered":"<div class=\"et_pb_module et_pb_text et_pb_text_3_tb_body et_pb_text_align_left et_pb_bg_layout_light\">\n<div class=\"et_pb_text_inner\"><span style=\"color: var(--rz-text-color); font-family: var(--rz-font-family-primary);\">Volumen &#8211; 30 + 20 ml. Kontrolllinie ern\u00e4hren.<\/span><\/div>\n<\/div>\n<div class=\"et_pb_module et_pb_text et_pb_text_4_tb_body et_pb_text_align_left et_pb_bg_layout_light\">\n<div class=\"et_pb_text_inner\">\n<p><strong>Mit:<\/strong><\/p>\n<p><strong>Polyphenol-Infusion Gesichtselixier \/ 01<\/strong><\/p>\n<p>Schweizer Alpenedelweiss \/ Calluna Vulgaris Nektar \/ Meerespflanzenextrakte \/ Natriumhyaluronat \/ Tetrasodium Tetracarboxymethyl Naringeninchalcone \/ Natrium Carboxymethyl Beta-Glucan<\/p>\n<p><strong>Ultra Softening Gesichtscreme \/ 02<\/strong><\/p>\n<p>Verkapseltes Resveratrol \/ Schweizer Alpen-Edelwei\u00df \/ Meerespflanzenextrakte \/ Natriumhyaluronat \/ Natriumcarboxymethyl-Beta-Glucan<\/p>\n<\/div>\n<\/div>\n<div class=\"et_pb_module et_pb_text et_pb_text_5_tb_body et_pb_text_align_left et_pb_bg_layout_dark\">\n<div class=\"et_pb_text_inner\">\n<h2>Produktvorteile<\/h2>\n<\/div>\n<\/div>\n<div class=\"et_pb_module et_pb_text et_pb_text_6_tb_body et_pb_text_align_left et_pb_bg_layout_light\">\n<div class=\"et_pb_text_inner\">\n<p><strong>Polyphenol-Infusion Gesichtselixier \/ 01<\/strong><\/p>\n<ul>\n<li>Hochwertige Wirkstoffe reduzieren R\u00f6tungen, bieten einen starken Schutz vor Austrocknung, sch\u00fctzen und beruhigen die gestresste Haut<\/li>\n<li>Beschleunigt die Regeneration der Haut und erh\u00f6ht die Selbstschutzf\u00e4higkeit der Haut<\/li>\n<li>Frei von ethoxylierten Verbindungen, Parabenen, synthetischen Verdickungsmitteln, Farbstoffen, Duftstoffen, Silikonen und anderen f\u00fcr die Haut sch\u00e4dlichen Bestandteilen<\/li>\n<\/ul>\n<p>N\u00c4HRSTOFFKONTROLLE &#8211; POLYPHENOLEFFEKT &#8211; WEICHHEIT &#8211; GESCHMEIDIGKEIT &#8211; HOCHWERTIGE QUALIT\u00c4T &#8211; ZUVERL\u00c4SSIGE ZUSAMMENSETZUNG<\/p>\n<p><strong>Ultra Softening Gesichtscreme \/ 02<\/strong><\/p>\n<ul>\n<li>Es handelt sich um ein verkapseltes Resveratrol-System in der Bious Ultra-Weichmacher-Creme<\/li>\n<li>Hochwertiges Resveratrol, die Wirkstoffe aus Meeres- und Bergpflanzenextrakten revitalisieren die Haut, bringen den Feuchtigkeitshaushalt wieder ins Gleichgewicht, sch\u00fctzen und beruhigen gestresste Haut wirksam.<\/li>\n<li>Hilft, die sch\u00fctzende Barrierefunktion der Haut zu erhalten<\/li>\n<li>Frei von ethoxylierten Verbindungen, Parabenen, synthetischen Verdickungsmitteln, Farbstoffen, Duftstoffen, Silikonen und anderen f\u00fcr die Haut sch\u00e4dlichen Bestandteilen<\/li>\n<li>Das Produkt erf\u00fcllt die Anforderungen des Hautvertr\u00e4glichkeitstests und wird als nicht reizend eingestuft<\/li>\n<\/ul>\n<p>NOURISH CONTROL &#8211; VERKAPSELTES RESVERATROL &#8211; TIEFENWIRKSAMES SYSTEM &#8211; GEWEBEREPARATUR &#8211; HOCHWERTIGE QUALIT\u00c4T &#8211; ZUVERL\u00c4SSIGE ZUSAMMENSETZUNG<\/p>\n<\/div>\n<\/div>\n","protected":false},"featured_media":15264,"comment_status":"open","ping_status":"closed","template":"","meta":{"_acf_changed":false},"product_brand":[],"product_cat":[125],"product_tag":[],"class_list":{"0":"post-15336","1":"product","2":"type-product","3":"status-publish","4":"has-post-thumbnail","6":"product_cat-nahrkontrolle","8":"first","9":"instock","10":"taxable","11":"shipping-taxable","12":"purchasable","13":"product-type-simple"},"acf":[],"_links":{"self":[{"href":"https:\/\/biouslabs.com\/de\/wp-json\/wp\/v2\/product\/15336","targetHints":{"allow":["GET"]}}],"collection":[{"href":"https:\/\/biouslabs.com\/de\/wp-json\/wp\/v2\/product"}],"about":[{"href":"https:\/\/biouslabs.com\/de\/wp-json\/wp\/v2\/types\/product"}],"replies":[{"embeddable":true,"href":"https:\/\/biouslabs.com\/de\/wp-json\/wp\/v2\/comments?post=15336"}],"wp:featuredmedia":[{"embeddable":true,"href":"https:\/\/biouslabs.com\/de\/wp-json\/wp\/v2\/media\/15264"}],"wp:attachment":[{"href":"https:\/\/biouslabs.com\/de\/wp-json\/wp\/v2\/media?parent=15336"}],"wp:term":[{"taxonomy":"product_brand","embeddable":true,"href":"https:\/\/biouslabs.com\/de\/wp-json\/wp\/v2\/product_brand?post=15336"},{"taxonomy":"product_cat","embeddable":true,"href":"https:\/\/biouslabs.com\/de\/wp-json\/wp\/v2\/product_cat?post=15336"},{"taxonomy":"product_tag","embeddable":true,"href":"https:\/\/biouslabs.com\/de\/wp-json\/wp\/v2\/product_tag?post=15336"}],"curies":[{"name":"wp","href":"https:\/\/api.w.org\/{rel}","templated":true}]}}