{"id":16189,"date":"2024-12-09T08:53:52","date_gmt":"2024-12-09T06:53:52","guid":{"rendered":"https:\/\/biouslabs.com\/?post_type=product&#038;p=16189"},"modified":"2026-04-13T18:09:37","modified_gmt":"2026-04-13T15:09:37","slug":"bious-intensive-repair-liposomales-gel-copy-2","status":"publish","type":"product","link":"https:\/\/biouslabs.com\/de\/produktas\/bious-intensive-repair-liposomales-gel-copy-2\/","title":{"rendered":"Bionische Polymermembran und fl\u00fcssiges Gel-System auf Liposomenbasis"},"content":{"rendered":"<p><span style=\"color: var(--rz-color-dark); font-size: 40px; font-family: var(--rz-font-family-primary);\">Produkteigenschaften<\/span><\/p>\n<div class=\"et_pb_module et_pb_text et_pb_text_1_tb_body et_pb_text_align_left et_pb_bg_layout_light\">\n<div class=\"et_pb_text_inner\">\n<p>Bious Intensive Repair Liposomal Gel ist ein einzigartiges kosmetisches Produkt, das reich an bioaktiven Komponenten ist, die die Bildung der interzellul\u00e4ren Matrix ausgleichen, die Zellen vor sch\u00e4dlichen Faktoren sch\u00fctzen und der Haut ihre nat\u00fcrliche Ausstrahlung und Vitalit\u00e4t zur\u00fcckgeben.<br \/>\nDie Verwendung von Liposomen gew\u00e4hrleistet die Stabilit\u00e4t und Wirksamkeit bioaktiver Substanzen.<br \/>\nDas Natriumsalz der Hyalurons\u00e4ure tr\u00e4gt dazu bei, die richtige Umgebung f\u00fcr Zellerneuerungsprozesse zu schaffen.<br \/>\nDank seiner feuchtigkeitsspendenden Eigenschaften erh\u00f6ht es den Feuchtigkeitsgehalt der Haut und st\u00e4rkt zusammen mit Emollients die Schutzbarriere der Haut.<br \/>\nDer Komplex aus Tetranatriumtetracarboxymethylnaringenin-Chalcon, Glutathion und Resveratrol tr\u00e4gt zum antioxidativen Schutz und zum Ausgleich der Synthese der intrazellul\u00e4ren Matrix bei.    <\/p>\n<p>Bious Intensive Repair Membrane (Maske), angereichert mit Peptiden, Feuchtigkeitsspendern und Polyphenolen, sorgt f\u00fcr eine wirksame Wiederherstellung der intrazellul\u00e4ren Matrix und verleiht der Haut eine nat\u00fcrliche Ausstrahlung und Vitalit\u00e4t. Die funktionelle Zellulosemembran bildet eine sch\u00fctzende Barriere, die dazu beitr\u00e4gt, Spannungen und Irritationen im Gesicht zu lindern und eine verl\u00e4ngerte Freisetzung von Wirkstoffen zu gew\u00e4hrleisten. Die in der Membran immobilisierten Peptide stimulieren die Kollagensynthese, was zu einer glatteren und elastischeren Haut f\u00fchrt. Tetranatriumtetracarboxymethylnaringenin-Chalcon und Pflanzenextrakte sind in der Lage, entz\u00fcndliche Prozesse zu hemmen und Hautreizungen zu reduzieren.  <\/p>\n<\/div>\n<\/div>\n","protected":false},"excerpt":{"rendered":"<div class=\"flex-shrink-0 flex flex-col relative items-end\">\n<div class=\"pt-0\">\n<div class=\"gizmo-bot-avatar flex h-8 w-8 items-center justify-center overflow-hidden rounded-full\">\n<div class=\"relative p-1 rounded-sm flex items-center justify-center bg-token-main-surface-primary text-token-text-primary h-8 w-8\">\n<p>Bious Intensive Repair Liposomal Gel ist ein hochmodernes Hautpflegeprodukt, das die Bildung der interzellul\u00e4ren Matrix beeinflusst.<br \/>\nEs enth\u00e4lt in Liposomen eingekapseltes Glutathion, Resveratrol und Hyalurons\u00e4ure.<br \/>\nGlutathion und Resveratrol sind starke Antioxidantien, die die Zellen vor oxidativem Stress und Entz\u00fcndungen sch\u00fctzen und die Synthese der intrazellul\u00e4ren Matrixkomponenten ausgleichen k\u00f6nnen.<br \/>\nDas Natriumsalz der Hyalurons\u00e4ure sorgt f\u00fcr ein feuchtes und ausgeglichenes Milieu, das f\u00fcr Zellerneuerungsprozesse notwendig ist.   <\/p>\n<ul>\n<li>Gleicht die Bildung der interzellul\u00e4ren Matrix aus<\/li>\n<li>Reduziert das Risiko von Pigmentflecken<\/li>\n<li>Hilft, die Vitalit\u00e4t der Haut wiederherzustellen<\/li>\n<li>Frei von ethoxylierten Verbindungen, Parabenen, synthetischen Verdickungsmitteln, Farbstoffen, Duftstoffen, Silikonen und anderen f\u00fcr die Haut sch\u00e4dlichen Bestandteilen<\/li>\n<li>Verursacht keine Hautreizungen oder allergischen Reaktionen<\/li>\n<\/ul>\n<p>Liposomales Heilmittel &#8211; Ausgewogene Geweberegeneration &#8211; H\u00f6chste Qualit\u00e4t &#8211; Zuverl\u00e4ssige Zusammensetzung<br \/>\nEnth\u00e4lt: eingekapselte bioaktive Inhaltsstoffe \/ Extrakte marinen Ursprungs \/ Natriumhyaluronat \/ Tetranatriumtetracarboxymethylnaringenin Chalcon<\/p>\n<p>Bious Intensive Repair Membrane (Maske), angereichert mit Peptiden, Feuchtigkeitsspendern und Polyphenolen, sorgt f\u00fcr eine wirksame Wiederherstellung der intrazellul\u00e4ren Matrix und verleiht ihr einen nat\u00fcrlichen Glanz und Vitalit\u00e4t. Die Membran wird aus Zellulose gewonnen. Dabei handelt es sich um ein Polysaccharid, das hydrophil, mit biologischen Systemen kompatibel, zytotolerant und biologisch abbaubar ist. Die funktionelle Membran auf Zellulosebasis kann sich leicht an jede Unregelm\u00e4\u00dfigkeit der Gesichtshaut anpassen und gew\u00e4hrleistet so die Wirkung der Wirkstoffe.   <\/p>\n<ul>\n<li>Stellt den Feuchtigkeitshaushalt der Haut wieder her<\/li>\n<li>Stellt die nat\u00fcrliche Ausstrahlung und Vitalit\u00e4t der Haut wieder her<\/li>\n<li>Frei von ethoxylierten Verbindungen, Ethylalkohol, Parabenen, synthetischen Verdickungsmitteln, Farbstoffen, Duftstoffen und anderen Hautreizstoffen<\/li>\n<li>Verursacht keine Hautreizungen oder allergischen Reaktionen<\/li>\n<li>Stimuliert die Bildung der interlamellaren Matrix<\/li>\n<\/ul>\n<p>Zellulosemembran &#8211; Die Kraft der Polyphenole und Peptide &#8211; H\u00f6chste Qualit\u00e4t &#8211; Zuverl\u00e4ssige Zusammensetzung &#8211; Gesundes Strahlen der Haut Enth\u00e4lt: Peptide \/ Meeresextrakte \/ Hyalurons\u00e4ure \/ Tetrasodium tetracarboxymethylnaringenin chalcone Volumen &#8211; 30+25 ml<\/p>\n<p>F\u00fcr alle Hauttypen geeignet<\/p>\n<\/div>\n<\/div>\n<\/div>\n<\/div>\n","protected":false},"featured_media":16193,"comment_status":"open","ping_status":"closed","template":"","meta":{"_acf_changed":false},"product_brand":[],"product_cat":[83],"product_tag":[],"class_list":{"0":"post-16189","1":"product","2":"type-product","3":"status-publish","4":"has-post-thumbnail","6":"product_cat-jaunina","8":"first","9":"outofstock","10":"taxable","11":"shipping-taxable","12":"purchasable","13":"product-type-simple"},"acf":[],"_links":{"self":[{"href":"https:\/\/biouslabs.com\/de\/wp-json\/wp\/v2\/product\/16189","targetHints":{"allow":["GET"]}}],"collection":[{"href":"https:\/\/biouslabs.com\/de\/wp-json\/wp\/v2\/product"}],"about":[{"href":"https:\/\/biouslabs.com\/de\/wp-json\/wp\/v2\/types\/product"}],"replies":[{"embeddable":true,"href":"https:\/\/biouslabs.com\/de\/wp-json\/wp\/v2\/comments?post=16189"}],"wp:featuredmedia":[{"embeddable":true,"href":"https:\/\/biouslabs.com\/de\/wp-json\/wp\/v2\/media\/16193"}],"wp:attachment":[{"href":"https:\/\/biouslabs.com\/de\/wp-json\/wp\/v2\/media?parent=16189"}],"wp:term":[{"taxonomy":"product_brand","embeddable":true,"href":"https:\/\/biouslabs.com\/de\/wp-json\/wp\/v2\/product_brand?post=16189"},{"taxonomy":"product_cat","embeddable":true,"href":"https:\/\/biouslabs.com\/de\/wp-json\/wp\/v2\/product_cat?post=16189"},{"taxonomy":"product_tag","embeddable":true,"href":"https:\/\/biouslabs.com\/de\/wp-json\/wp\/v2\/product_tag?post=16189"}],"curies":[{"name":"wp","href":"https:\/\/api.w.org\/{rel}","templated":true}]}}