{"id":14172,"date":"2022-08-23T14:31:23","date_gmt":"2022-08-23T11:31:23","guid":{"rendered":"https:\/\/biouslabs.com\/?post_type=product&#038;p=14172"},"modified":"2026-04-04T00:32:06","modified_gmt":"2026-04-03T21:32:06","slug":"jauninamojo-paakiu-kremo-veido-eliksyro-rinkinys","status":"publish","type":"product","link":"https:\/\/biouslabs.com\/en\/product\/jauninamojo-paakiu-kremo-veido-eliksyro-rinkinys\/","title":{"rendered":"Trigubo poveikio jauninantis paaki\u0173 kremas + Intensyviai raminantis ir jauninantis veido eliksyras"},"content":{"rendered":"<p><span style=\"color: var(--rz-color-dark); font-size: 40px; font-family: var(--rz-font-family-primary);\">Produkto savyb\u0117s<\/span><\/p>\n<div class=\"et_pb_module et_pb_text et_pb_text_1_tb_body et_pb_text_align_left et_pb_bg_layout_light\">\n<div class=\"et_pb_text_inner\">\n<p><strong>Trigubo poveikio jauninantis paaki\u0173 kremas \/ 01<\/strong><\/p>\n<p>Unikaliu veikli\u0173j\u0173 med\u017eiag\u0173 deriniu u\u017ekerta keli\u0105 sen\u0117jimo po\u017eymiams ar juos suma\u017eina. Daugiafunkcinio kremo sud\u0117tyje yra itin efektyvi\u0173 dr\u0117kinan\u010di\u0173 med\u017eiag\u0173, maitinam\u0173j\u0173 aliej\u0173 ir augal\u0173 ekstrakt\u0173 kompleksas. Unikalus veikli\u0173j\u0173 komponent\u0173 derinys sukurtas siekiant dr\u0117kinti ir maitinti od\u0105, apr\u016bpinti antioksidantais bei paspartinti jos atsinaujinim\u0105.<\/p>\n<p>Natrio karboksimetilo-beta-gliukanas, natrio hialuronatas, natrio PCA, ksilitolis ir jo dariniai apsaugo od\u0105, stiprinant jos barjerin\u0119 funkcij\u0105 ir atstatant dr\u0117gm\u0117s balans\u0105.<\/p>\n<p>Alpi\u0173 kaln\u0173 g\u0117li\u0173 (arnikos, dede\u0161vos) ekstrakt\u0173, vitamino E ir nat\u016brali\u0173 aliej\u0173 (agurkli\u0173, simondsij\u0173, vynuogi\u0173, saul\u0117gr\u0105\u017e\u0173) mi\u0161inys maitina od\u0105, suteikia jai stipri\u0105 antioksidacin\u0119 apsaug\u0105, didina odos atsparum\u0105 aplinkos veiksniams.<\/p>\n<p>J\u016brin\u0117s kilm\u0117s ekstrakt\u0173 kompleksas (Chondrus Crispus, Laminaria Ochroleuca, Sargassum Muticum ir Himanthalia Elongata) ir \u0160veicarijos Alpi\u0173 Edelveiso (Leontopodium alpinum) ekstraktas skatina odos regeneracij\u0105, padeda atkurti jos nat\u016bralius fiziologinius procesus.<\/p>\n<p><strong>Intensyviai raminantis ir jauninantis veido eliksyras \/ 02<\/strong><\/p>\n<p><span style=\"color: var(--rz-text-color); font-family: var(--rz-font-family-primary);\">Intensyviai raminantis ir jauninantis veido eliksyras \u2013 tai auk\u0161\u010diausios kokyb\u0117s ingredient\u0173 kompleksas, kuris savo veiksmingumu gali prilygti invazin\u0117ms veido odos proced\u016broms. Unikali produkto formul\u0117 sukurta tik i\u0161 kruop\u0161\u010diai atrinkt\u0173 pa\u017eangi\u0173, mokslin\u012f pagrindim\u0105 turin\u010di\u0173 ingredient\u0173, efektyviai puosel\u0117jan\u010di\u0173 pa\u017eeist\u0105 ir sudirgusi\u0105 od\u0105, greitinan\u010di\u0173 odos atsinaujinimo procesus ir ma\u017einan\u010di\u0173 odos sen\u0117jimo po\u017eymius.<\/span><\/p>\n<\/div>\n<p>Tetranatrio Tetrakarboksimetilnaringenino Chalkonas &#8211; tai inovatyvus komponentas apr\u016bpinantis od\u0105 dideliu kiekiu polifenoli\u0173, efektyviai ma\u017einan\u010di\u0173 odos paraudimus ir sudirginimus l\u0105steli\u0173 lygmenyje. Tuo tarpu natrio karboksimetilgliukanas ir \u0160veicarijos Alpi\u0173 Edelveiso ekstraktas skatina odos audini\u0173 regeneracij\u0105 ir stiprina nat\u016bralius apsauginius odos procesus.<\/p>\n<p>Natrio hialuronato, natrio PCA, pantenolio ir sorbitolio derinys atgaivina od\u0105 ir atkuria jos dr\u0117gm\u0117s balans\u0105. Tuo tarpu j\u016brin\u0117s kilm\u0117s Sargassum Muticum ekstraktas kontroliuoja sebumo i\u0161siskyrim\u0105, apr\u016bpina antioksidantais ir pasi\u017eymi poras sutraukian\u010diu poveikiu.<\/p>\n<p>Bious eliksyras sukurtas taip, kad pad\u0117t\u0173 lengvai ir eleganti\u0161kai puosel\u0117ti j\u016bs\u0173 odos gro\u017e\u012f.<\/p>\n<\/div>\n","protected":false},"excerpt":{"rendered":"<div class=\"et_pb_module et_pb_text et_pb_text_3_tb_body et_pb_text_align_left et_pb_bg_layout_light\">\n<div class=\"et_pb_text_inner\">\n<p>Trigubo poveikio jauninantis paaki\u0173 kremas bei intensyviai raminantis ir jauninantis veido eliksyras &#8211; jaunina paaki\u0173 od\u0105, u\u017etikrina jos apsaug\u0105, suma\u017eina paburkim\u0105, nuramina ir jaunina sudirgusi\u0105 veido od\u0105. Taip pat padeda i\u0161vengti sen\u0117jimo po\u017eymi\u0173.<\/p>\n<p>&nbsp;<\/p>\n<\/div>\n<\/div>\n<div><span style=\"color: var(--rz-text-color); font-family: var(--rz-font-family-primary);\"><strong>Trigubo poveikio jauninantis paaki\u0173 kremas \u00a0\/ 01<\/strong><\/span><\/div>\n<div><\/div>\n<div><\/div>\n<div>\n<ul>\n<li>Maitina od\u0105 ir intensyviai dr\u0117kina<\/li>\n<li>Didelio efektyvumo veikliosios med\u017eiagos apr\u016bpina od\u0105 antioksidantais bei paspartina jos atsinaujinim\u0105<\/li>\n<li>Padeda i\u0161laikyti apsaugin\u0119 barjerin\u0119 funkcij\u0105<\/li>\n<li>Be etoksilint\u0173 jungini\u0173, paraben\u0173, sintetini\u0173 tir\u0161tikli\u0173, da\u017eikli\u0173, kvapikli\u0173 ir kit\u0173 od\u0105 dirginan\u010di\u0173 ingredient\u0173<\/li>\n<li>Tinka vis\u0173 tip\u0173 odai<\/li>\n<\/ul>\n<p><strong>Sen\u0117jimo prevencija \u2022 Didelio efektyvumo veikliosios med\u017eiagos \u2022 Dr\u0117kinimo ir maitinimo galia \u2022 Audini\u0173 atsinaujinimas \u2022 Apr\u016bpinimas antioksidantais \u2022 Patikima sud\u0117tis<\/strong><\/p>\n<p>&nbsp;<\/p>\n<\/div>\n<div><strong><span style=\"color: var(--rz-text-color); font-family: var(--rz-font-family-primary);\">Intensyviai raminantis ir jauninantis veido eliksyras \u00a0\/ 02<\/span><\/strong><\/div>\n<div><\/div>\n<div><\/div>\n<div>\n<ul>\n<li>Atjaunina od\u0105 ir atkuria odos dr\u0117gm\u0117s pusiausvyr\u0105<\/li>\n<li>Apsaugo pa\u017eeist\u0105 ir ramina sudirgusi\u0105 od\u0105<\/li>\n<li>Spartina audini\u0173 regeneracij\u0105 ir stiprina nat\u016brali\u0105 odos apsaugin\u0119 funkcij\u0105<\/li>\n<li>Padeda kontroliuoti riebal\u0173 pertekli\u0173 ir pasi\u017eymi poras sutraukian\u010diomis savyb\u0117mis<\/li>\n<li>Tinka po invazini\u0173 proced\u016br\u0173 (mezoterapijos)<\/li>\n<li>Be etoksilint\u0173 jungini\u0173, paraben\u0173, sintetini\u0173 tir\u0161tikli\u0173, da\u017eikli\u0173, kvapikli\u0173 ir kit\u0173 od\u0105 dirginan\u010di\u0173 ingredient\u0173<\/li>\n<li>Tinka vis\u0173 tip\u0173 odai<\/li>\n<\/ul>\n<p><strong>Sen\u0117jimo prevencija \u2022 Sudirgim\u0173 mal\u0161inimas \u2022 Didelio efektyvumo veikliosios med\u017eiagos \u2022 Atgaivinta oda \u2022 Audini\u0173 atsinaujinimas \u2022 Apr\u016bpinimas polifenoliais ir antioksidantais \u2022 Alternatyva injekcijoms \u2022 Be botokso \u2022 Auk\u0161\u010diausia kokyb\u0117 \u2022\u00a0 Patikima sud\u0117tis<\/strong><\/p>\n<p>&nbsp;<\/p>\n<div class=\"et_pb_module et_pb_text et_pb_text_3_tb_body et_pb_text_align_left et_pb_bg_layout_light\">\n<div class=\"et_pb_text_inner\">\n<p>Sud\u0117tyje yra: <span style=\"color: var(--rz-text-color); font-family: var(--rz-font-family-primary);\">\u0160veicarijos Alpi\u0173 Edelveisas \/ J\u016brin\u0117s kilm\u0117s augal\u0173 ekstraktai \/ Natrio hialuronatas \/ Natrio PCA \/ Natrio CM <\/span><em style=\"color: var(--rz-text-color); font-family: var(--rz-font-family-primary);\">\u03b2<\/em><span style=\"color: var(--rz-text-color); font-family: var(--rz-font-family-primary);\">-gliukanas \/ Tetranatrio Tetrakarboksimetilnaringenino Chalkonas<\/span><\/p>\n<\/div>\n<\/div>\n<p>T\u016bris \u2013 20 + 30 ml.<\/p>\n<p>Tinka vis\u0173 tip\u0173 odai.<\/p>\n<\/div>\n","protected":false},"featured_media":15238,"comment_status":"open","ping_status":"closed","template":"","meta":{"_acf_changed":false},"product_brand":[],"product_cat":[83],"product_tag":[],"class_list":{"0":"post-14172","1":"product","2":"type-product","3":"status-publish","4":"has-post-thumbnail","6":"product_cat-jaunina","8":"first","9":"instock","10":"taxable","11":"shipping-taxable","12":"purchasable","13":"product-type-simple"},"acf":[],"_links":{"self":[{"href":"https:\/\/biouslabs.com\/en\/wp-json\/wp\/v2\/product\/14172","targetHints":{"allow":["GET"]}}],"collection":[{"href":"https:\/\/biouslabs.com\/en\/wp-json\/wp\/v2\/product"}],"about":[{"href":"https:\/\/biouslabs.com\/en\/wp-json\/wp\/v2\/types\/product"}],"replies":[{"embeddable":true,"href":"https:\/\/biouslabs.com\/en\/wp-json\/wp\/v2\/comments?post=14172"}],"wp:featuredmedia":[{"embeddable":true,"href":"https:\/\/biouslabs.com\/en\/wp-json\/wp\/v2\/media\/15238"}],"wp:attachment":[{"href":"https:\/\/biouslabs.com\/en\/wp-json\/wp\/v2\/media?parent=14172"}],"wp:term":[{"taxonomy":"product_brand","embeddable":true,"href":"https:\/\/biouslabs.com\/en\/wp-json\/wp\/v2\/product_brand?post=14172"},{"taxonomy":"product_cat","embeddable":true,"href":"https:\/\/biouslabs.com\/en\/wp-json\/wp\/v2\/product_cat?post=14172"},{"taxonomy":"product_tag","embeddable":true,"href":"https:\/\/biouslabs.com\/en\/wp-json\/wp\/v2\/product_tag?post=14172"}],"curies":[{"name":"wp","href":"https:\/\/api.w.org\/{rel}","templated":true}]}}